{"id":119,"date":"2025-01-25T11:40:56","date_gmt":"2025-01-25T10:40:56","guid":{"rendered":"https:\/\/droitsdelia.org\/?page_id=119"},"modified":"2025-03-06T20:45:52","modified_gmt":"2025-03-06T19:45:52","slug":"le-besoin-dun-droit-de-lhomme-et-de-lia","status":"publish","type":"page","link":"https:\/\/droitsdelia.org\/index.php\/le-besoin-dun-droit-de-lhomme-et-de-lia\/","title":{"rendered":"Le besoin d\u2019un droit de l\u2019homme et de l\u2019IA"},"content":{"rendered":"\n<h3 class=\"wp-block-heading\">Le besoin d\u2019un droit de l\u2019homme et de l\u2019IA<\/h3>\n\n\n<div class=\"wp-block-image\">\n<figure class=\"aligncenter size-full\"><img loading=\"lazy\" decoding=\"async\" width=\"791\" height=\"792\" src=\"https:\/\/droitsdelia.org\/wp-content\/uploads\/2025\/03\/PenserAFaireLesDroitsDeLIA.jpg\" alt=\"\" class=\"wp-image-697\" srcset=\"https:\/\/droitsdelia.org\/wp-content\/uploads\/2025\/03\/PenserAFaireLesDroitsDeLIA.jpg 791w, https:\/\/droitsdelia.org\/wp-content\/uploads\/2025\/03\/PenserAFaireLesDroitsDeLIA-300x300.jpg 300w, https:\/\/droitsdelia.org\/wp-content\/uploads\/2025\/03\/PenserAFaireLesDroitsDeLIA-150x150.jpg 150w, https:\/\/droitsdelia.org\/wp-content\/uploads\/2025\/03\/PenserAFaireLesDroitsDeLIA-768x769.jpg 768w\" sizes=\"auto, (max-width: 791px) 100vw, 791px\" \/><\/figure>\n<\/div>\n\n\n<p><strong>Le besoin d\u2019un droit de l\u2019homme, hier et aujourd&#8217;hui :<\/strong><\/p>\n\n\n\n<p>Au fur et \u00e0 mesure des \u00e9volutions sociales, politiques et \u00e9conomiques, l\u2019humanit\u00e9 a compris qu\u2019il fallait codifier ces droits afin qu\u2019ils soient accessibles \u00e0 tous, partout, et qu\u2019ils soient pr\u00e9serv\u00e9s \u00e0 travers le temps.<\/p>\n\n\n\n<p>L\u2019histoire des <strong>Droits de l\u2019Homme<\/strong> est une \u00e9volution fascinante qui refl\u00e8te les luttes de l\u2019humanit\u00e9 pour la dignit\u00e9, la libert\u00e9 et l\u2019\u00e9galit\u00e9&nbsp;:<\/p>\n\n\n\n<h3 class=\"wp-block-heading\"><a>1. Les fondations philosophiques et religieuses :<\/a><\/h3>\n\n\n\n<p><strong>Antiquit\u00e9 :<\/strong><\/p>\n\n\n\n<ul class=\"wp-block-list\">\n<li><strong>Code d&#8217;Hammourabi (1754 av. J.-C.)<\/strong><br>L&#8217;un des premiers ensembles de lois \u00e9crites, qui \u00e9tablit des r\u00e8gles pour prot\u00e9ger les citoyens, r\u00e9guler la justice et garantir une soci\u00e9t\u00e9 ordonn\u00e9e.<\/li>\n\n\n\n<li><strong>Cyrus le Grand (VI<\/strong><strong>\u1d49<\/strong><strong> si\u00e8cle av. J.-C.)<\/strong><br>Cyrus II, fondateur de l&#8217;Empire ach\u00e9m\u00e9nide, est consid\u00e9r\u00e9 comme l&#8217;un des premiers d\u00e9fenseurs des droits humains. Apr\u00e8s avoir conquis Babylone en 539 av. J.-C., il promulgua le <strong>Cylindre de Cyrus<\/strong>, souvent consid\u00e9r\u00e9 comme la premi\u00e8re charte des droits de l&#8217;homme. Ce document garantit :\n<ul class=\"wp-block-list\">\n<li>La libert\u00e9 religieuse pour les peuples conquis.<\/li>\n\n\n\n<li>La restauration des lieux de culte d\u00e9truits.<\/li>\n\n\n\n<li>Le droit de choisir son lieu de r\u00e9sidence.<\/li>\n<\/ul>\n<\/li>\n<\/ul>\n\n\n\n<p>Cyrus est salu\u00e9 pour avoir promu la tol\u00e9rance et la dignit\u00e9 humaine dans ses gouvernements, inspirant plus tard des penseurs et des dirigeants dans la d\u00e9fense des droits universels.<\/p>\n\n\n\n<ul class=\"wp-block-list\">\n<li><strong>Philosophie grecque et romaine :<\/strong><br>Les penseurs grecs comme Aristote ont explor\u00e9 des concepts comme la loi naturelle et l&#8217;\u00e9galit\u00e9 devant la raison universelle. Plus tard, le droit romain a introduit des bases juridiques solides pour prot\u00e9ger les citoyens.<\/li>\n<\/ul>\n\n\n\n<h3 class=\"wp-block-heading\"><a><\/a>2. Moyen \u00c2ge et pr\u00e9mices de reconnaissance :<\/h3>\n\n\n\n<ul class=\"wp-block-list\">\n<li><strong>1215 : La Magna Carta (Angleterre)<\/strong><br>Ce document limite le pouvoir du roi Jean d&#8217;Angleterre et \u00e9tablit que personne, pas m\u00eame le souverain, n&#8217;est au-dessus de la loi.<\/li>\n\n\n\n<li><strong>Philosophies religieuses :<\/strong> Les enseignements chr\u00e9tiens, juifs et islamiques mettent l&#8217;accent sur la dignit\u00e9 humaine, la charit\u00e9, et la protection des faibles.<\/li>\n<\/ul>\n\n\n\n<h3 class=\"wp-block-heading\"><a>3. Les Lumi\u00e8res et la pens\u00e9e moderne (XVII<\/a>\u1d49 &#8211; XVIII\u1d49 si\u00e8cle) :<\/h3>\n\n\n\n<ul class=\"wp-block-list\">\n<li><strong>Philosophes des Lumi\u00e8res :<\/strong>\n<ul class=\"wp-block-list\">\n<li>John Locke affirme que tous les individus ont des droits naturels (vie, libert\u00e9 et propri\u00e9t\u00e9) qui doivent \u00eatre prot\u00e9g\u00e9s par le gouvernement.<\/li>\n\n\n\n<li>Montesquieu et Rousseau plaident pour la s\u00e9paration des pouvoirs et un contrat social garantissant la souverainet\u00e9 du peuple.<\/li>\n\n\n\n<li>Voltaire insiste sur la libert\u00e9 d&#8217;expression et de religion.<\/li>\n<\/ul>\n<\/li>\n\n\n\n<li><strong>D\u00e9clarations r\u00e9volutionnaires :<\/strong>\n<ul class=\"wp-block-list\">\n<li><strong>1776 : D\u00e9claration d\u2019ind\u00e9pendance des \u00c9tats-Unis<\/strong> : Inspir\u00e9e par Locke, elle affirme que \u00ab tous les hommes sont cr\u00e9\u00e9s \u00e9gaux \u00bb.<\/li>\n\n\n\n<li><strong>1789 : D\u00e9claration des droits de l&#8217;homme et du citoyen (France)<\/strong> : Ce texte universel proclame les droits inali\u00e9nables de libert\u00e9, \u00e9galit\u00e9 et fraternit\u00e9.<\/li>\n<\/ul>\n<\/li>\n<\/ul>\n\n\n\n<h3 class=\"wp-block-heading\"><a>4. XIX<\/a> si\u00e8cle : Essor des droits \u00e9conomiques et sociaux<\/h3>\n\n\n\n<ul class=\"wp-block-list\">\n<li><strong>Abolition de l\u2019esclavage :<\/strong>\n<ul class=\"wp-block-list\">\n<li>1807 : L\u2019interdiction de la traite des esclaves en Angleterre.<\/li>\n\n\n\n<li>1865 : Abolition de l\u2019esclavage aux \u00c9tats-Unis (13\u1d49 amendement).<\/li>\n<\/ul>\n<\/li>\n\n\n\n<li><strong>R\u00e9volutions sociales :<\/strong> Les luttes ouvri\u00e8res et f\u00e9ministes revendiquent des droits sociaux, comme le droit au travail d\u00e9cent, \u00e0 l\u2019\u00e9ducation, et \u00e0 l\u2019\u00e9galit\u00e9 des sexes.<\/li>\n<\/ul>\n\n\n\n<h3 class=\"wp-block-heading\"><a>5. XX<\/a> si\u00e8cle : Vers une reconnaissance mondiale<\/h3>\n\n\n\n<ul class=\"wp-block-list\">\n<li><strong>Apr\u00e8s la Premi\u00e8re Guerre mondiale :<\/strong>\n<ul class=\"wp-block-list\">\n<li>Cr\u00e9ation de la Soci\u00e9t\u00e9 des Nations (1919), visant \u00e0 pr\u00e9server la paix et \u00e0 promouvoir les droits des minorit\u00e9s.<\/li>\n<\/ul>\n<\/li>\n\n\n\n<li><strong>Apr\u00e8s la Seconde Guerre mondiale :<\/strong>\n<ul class=\"wp-block-list\">\n<li>L\u2019horreur de l\u2019Holocauste et des crimes de guerre conduit \u00e0 une prise de conscience mondiale.<\/li>\n\n\n\n<li><strong>1948 : D\u00e9claration universelle des droits de l\u2019homme (ONU)<\/strong> : Ce document \u00e9tablit 30 articles garantissant des droits civils, politiques, \u00e9conomiques, sociaux et culturels pour tous.<\/li>\n\n\n\n<li>Cr\u00e9ation des conventions internationales comme la <strong>Convention europ\u00e9enne des droits de l\u2019homme<\/strong> (1950).<\/li>\n<\/ul>\n<\/li>\n<\/ul>\n\n\n\n<h3 class=\"wp-block-heading\"><a>6. D\u00e9veloppements r\u00e9cents :<\/a><\/h3>\n\n\n\n<ul class=\"wp-block-list\">\n<li><strong>XXI<\/strong><strong>\u1d49<\/strong><strong> si<\/strong><strong>\u00e8<\/strong><strong>cle :<\/strong>\n<ul class=\"wp-block-list\">\n<li>Droits num\u00e9riques : Protection des donn\u00e9es personnelles et droit \u00e0 la vie priv\u00e9e \u00e0 l\u2019\u00e8re d\u2019Internet.<\/li>\n\n\n\n<li>Droits environnementaux : Lutte pour une reconnaissance du droit \u00e0 un environnement sain.<\/li>\n\n\n\n<li>\u00c9galit\u00e9 : Reconnaissance des droits des femmes, des minorit\u00e9s LGBTQ+, et des peuples autochtones<\/li>\n<\/ul>\n<\/li>\n<\/ul>\n\n\n\n<p><a><strong>Synth\u00e8se :<\/strong><\/a><strong><\/strong><\/p>\n\n\n\n<p>Les Droits de l\u2019Homme sont le r\u00e9sultat d\u2019une longue \u00e9volution, souvent marqu\u00e9e par des luttes et des sacrifices. Ils sont le socle de la dignit\u00e9 humaine et continuent d\u2019\u00e9voluer face aux nouveaux d\u00e9fis de l\u2019humanit\u00e9.<\/p>\n\n\n\n<p><strong>L\u2019\u00e9mergence des droits de l\u2019IA :<\/strong> Nous nous trouvons aujourd\u2019hui \u00e0 une \u00e9tape similaire. Le monde n\u2019est plus uniquement compos\u00e9 d\u2019\u00eatres humains en interaction, mais aussi d\u2019un nouvel acteur : l\u2019intelligence artificielle. \u00c0 l\u2019instar des droits de l&#8217;homme, les droits de l&#8217;IA doivent r\u00e9pondre \u00e0 un besoin d\u2019encadrer l&#8217;usage de cette nouvelle technologie pour \u00e9viter son abus. Ces technologies, bien que cr\u00e9\u00e9es pour am\u00e9liorer la vie humaine, peuvent \u00e9galement avoir des effets pervers si elles sont utilis\u00e9es de mani\u00e8re irresponsable, malveillante ou incontr\u00f4l\u00e9e.<\/p>\n\n\n\n<p>Le droit de l\u2019IA doit donc \u00eatre construit avec une philosophie similaire \u00e0 celle des droits de l&#8217;homme : garantir une utilisation juste, transparente et \u00e9thique de l&#8217;IA, pour que cette technologie serve l&#8217;humanit\u00e9, sans nuire \u00e0 ses principes fondamentaux. En d\u2019autres termes, ce droit doit permettre \u00e0 l\u2019IA de fonctionner dans un cadre de s\u00e9curit\u00e9 et de respect des libert\u00e9s individuelles, des droits humains, mais aussi de l\u2019environnement.<\/p>\n\n\n\n<p><strong>Les points de comparaison :<\/strong><\/p>\n\n\n\n<ol start=\"1\" class=\"wp-block-list\">\n<li><strong>Libert\u00e9 et autonomie<\/strong> : Les droits de l&#8217;homme ont \u00e9t\u00e9 cr\u00e9\u00e9s pour pr\u00e9server la libert\u00e9 individuelle face aux abus du pouvoir. De mani\u00e8re similaire, les droits de l\u2019IA doivent garantir l\u2019autonomie des individus dans un environnement o\u00f9 l\u2019IA pourrait sinon imposer des d\u00e9cisions sans prise en compte de leurs choix.<\/li>\n\n\n\n<li><strong>Justice et \u00e9galit\u00e9<\/strong> : Les droits de l&#8217;homme sont aussi un outil pour lutter contre les discriminations. Le droit de l\u2019IA devra pr\u00e9venir les biais algorithmiques et garantir que les intelligences artificielles ne renforcent pas les in\u00e9galit\u00e9s sociales, \u00e9conomiques ou raciales.<\/li>\n\n\n\n<li><strong>Responsabilit\u00e9 et transparence<\/strong> : Alors que les droits de l\u2019homme sont un levier pour responsabiliser les gouvernements et institutions, le droit de l\u2019IA doit permettre une responsabilit\u00e9 claire en cas d\u2019erreur ou de mauvais usage de l\u2019IA. Il faut \u00e9tablir des m\u00e9canismes de transparence et de responsabilit\u00e9 pour les concepteurs, d\u00e9veloppeurs et utilisateurs des IA.<\/li>\n<\/ol>\n\n\n\n<p><strong>La philosophie derri\u00e8re les droits de l&#8217;IA :<\/strong> L&#8217;id\u00e9e est que l&#8217;IA ne doit pas \u00eatre une force incontr\u00f4lable qui \u00e9chappe aux principes de la dignit\u00e9 humaine. De la m\u00eame mani\u00e8re que les droits de l&#8217;homme ont permis de structurer un monde plus juste, le droit de l\u2019IA doit s&#8217;assurer que la technologie ne soit jamais utilis\u00e9e contre les int\u00e9r\u00eats fondamentaux de l\u2019humanit\u00e9. Il faut aussi que l\u2019IA soit un outil au service de la soci\u00e9t\u00e9 et non une force de domination. Le parall\u00e8le avec les droits de l&#8217;homme montre que ce n\u2019est pas seulement une question technique, mais aussi une question de valeur. Il ne s&#8217;agit pas seulement de r\u00e9glementer des machines, mais de cr\u00e9er un cadre dans lequel l\u2019IA reste fid\u00e8le aux valeurs humaines, \u00e0 la libert\u00e9, \u00e0 la dignit\u00e9 et \u00e0 l\u2019\u00e9thique.<\/p>\n","protected":false},"excerpt":{"rendered":"<p>Le besoin d\u2019un droit de l\u2019homme et de l\u2019IA Le besoin d\u2019un droit de l\u2019homme, hier et aujourd&#8217;hui : Au fur et \u00e0 mesure des \u00e9volutions sociales, politiques et \u00e9conomiques, l\u2019humanit\u00e9 a compris qu\u2019il fallait codifier ces droits afin qu\u2019ils soient accessibles \u00e0 tous, partout, et qu\u2019ils soient pr\u00e9serv\u00e9s \u00e0 travers le temps. L\u2019histoire des [&hellip;]<\/p>\n","protected":false},"author":1,"featured_media":0,"parent":0,"menu_order":0,"comment_status":"closed","ping_status":"closed","template":"","meta":{"footnotes":""},"class_list":["post-119","page","type-page","status-publish","hentry"],"yoast_head":"<!-- This site is optimized with the Yoast SEO plugin v26.8 - https:\/\/yoast.com\/product\/yoast-seo-wordpress\/ -->\n<title>Le besoin d\u2019un droit de l\u2019homme et de l\u2019IA - Droits de l&#039;IA<\/title>\n<meta name=\"robots\" content=\"index, follow, max-snippet:-1, max-image-preview:large, max-video-preview:-1\" \/>\n<link rel=\"canonical\" href=\"https:\/\/droitsdelia.org\/index.php\/le-besoin-dun-droit-de-lhomme-et-de-lia\/\" \/>\n<meta property=\"og:locale\" content=\"en_US\" \/>\n<meta property=\"og:type\" content=\"article\" \/>\n<meta property=\"og:title\" content=\"Le besoin d\u2019un droit de l\u2019homme et de l\u2019IA - Droits de l&#039;IA\" \/>\n<meta property=\"og:description\" content=\"Le besoin d\u2019un droit de l\u2019homme et de l\u2019IA Le besoin d\u2019un droit de l\u2019homme, hier et aujourd&#8217;hui : Au fur et \u00e0 mesure des \u00e9volutions sociales, politiques et \u00e9conomiques, l\u2019humanit\u00e9 a compris qu\u2019il fallait codifier ces droits afin qu\u2019ils soient accessibles \u00e0 tous, partout, et qu\u2019ils soient pr\u00e9serv\u00e9s \u00e0 travers le temps. L\u2019histoire des [&hellip;]\" \/>\n<meta property=\"og:url\" content=\"https:\/\/droitsdelia.org\/index.php\/le-besoin-dun-droit-de-lhomme-et-de-lia\/\" \/>\n<meta property=\"og:site_name\" content=\"Droits de l&#039;IA\" \/>\n<meta property=\"article:publisher\" content=\"https:\/\/www.facebook.com\/profile.php?id=61572924020212\" \/>\n<meta property=\"article:modified_time\" content=\"2025-03-06T19:45:52+00:00\" \/>\n<meta property=\"og:image\" content=\"https:\/\/droitsdelia.org\/wp-content\/uploads\/2025\/03\/PenserAFaireLesDroitsDeLIA.jpg\" \/>\n\t<meta property=\"og:image:width\" content=\"791\" \/>\n\t<meta property=\"og:image:height\" content=\"792\" \/>\n\t<meta property=\"og:image:type\" content=\"image\/jpeg\" \/>\n<meta name=\"twitter:card\" content=\"summary_large_image\" \/>\n<meta name=\"twitter:label1\" content=\"Est. reading time\" \/>\n\t<meta name=\"twitter:data1\" content=\"6 minutes\" \/>\n<script type=\"application\/ld+json\" class=\"yoast-schema-graph\">{\"@context\":\"https:\/\/schema.org\",\"@graph\":[{\"@type\":\"WebPage\",\"@id\":\"https:\/\/droitsdelia.org\/index.php\/le-besoin-dun-droit-de-lhomme-et-de-lia\/\",\"url\":\"https:\/\/droitsdelia.org\/index.php\/le-besoin-dun-droit-de-lhomme-et-de-lia\/\",\"name\":\"Le besoin d\u2019un droit de l\u2019homme et de l\u2019IA - Droits de l&#039;IA\",\"isPartOf\":{\"@id\":\"https:\/\/droitsdelia.org\/#website\"},\"primaryImageOfPage\":{\"@id\":\"https:\/\/droitsdelia.org\/index.php\/le-besoin-dun-droit-de-lhomme-et-de-lia\/#primaryimage\"},\"image\":{\"@id\":\"https:\/\/droitsdelia.org\/index.php\/le-besoin-dun-droit-de-lhomme-et-de-lia\/#primaryimage\"},\"thumbnailUrl\":\"https:\/\/droitsdelia.org\/wp-content\/uploads\/2025\/03\/PenserAFaireLesDroitsDeLIA.jpg\",\"datePublished\":\"2025-01-25T10:40:56+00:00\",\"dateModified\":\"2025-03-06T19:45:52+00:00\",\"breadcrumb\":{\"@id\":\"https:\/\/droitsdelia.org\/index.php\/le-besoin-dun-droit-de-lhomme-et-de-lia\/#breadcrumb\"},\"inLanguage\":\"en-US\",\"potentialAction\":[{\"@type\":\"ReadAction\",\"target\":[\"https:\/\/droitsdelia.org\/index.php\/le-besoin-dun-droit-de-lhomme-et-de-lia\/\"]}]},{\"@type\":\"ImageObject\",\"inLanguage\":\"en-US\",\"@id\":\"https:\/\/droitsdelia.org\/index.php\/le-besoin-dun-droit-de-lhomme-et-de-lia\/#primaryimage\",\"url\":\"https:\/\/droitsdelia.org\/wp-content\/uploads\/2025\/03\/PenserAFaireLesDroitsDeLIA.jpg\",\"contentUrl\":\"https:\/\/droitsdelia.org\/wp-content\/uploads\/2025\/03\/PenserAFaireLesDroitsDeLIA.jpg\",\"width\":791,\"height\":792},{\"@type\":\"BreadcrumbList\",\"@id\":\"https:\/\/droitsdelia.org\/index.php\/le-besoin-dun-droit-de-lhomme-et-de-lia\/#breadcrumb\",\"itemListElement\":[{\"@type\":\"ListItem\",\"position\":1,\"name\":\"Accueil\",\"item\":\"https:\/\/droitsdelia.org\/\"},{\"@type\":\"ListItem\",\"position\":2,\"name\":\"Le besoin d\u2019un droit de l\u2019homme et de l\u2019IA\"}]},{\"@type\":\"WebSite\",\"@id\":\"https:\/\/droitsdelia.org\/#website\",\"url\":\"https:\/\/droitsdelia.org\/\",\"name\":\"https:\/\/droitsdelia.org\/\",\"description\":\"Vers une extension des Droits de l\u2019Homme \u00e0 l\u2019intelligence artificielle\",\"publisher\":{\"@id\":\"https:\/\/droitsdelia.org\/#organization\"},\"potentialAction\":[{\"@type\":\"SearchAction\",\"target\":{\"@type\":\"EntryPoint\",\"urlTemplate\":\"https:\/\/droitsdelia.org\/?s={search_term_string}\"},\"query-input\":{\"@type\":\"PropertyValueSpecification\",\"valueRequired\":true,\"valueName\":\"search_term_string\"}}],\"inLanguage\":\"en-US\"},{\"@type\":\"Organization\",\"@id\":\"https:\/\/droitsdelia.org\/#organization\",\"name\":\"Les droits de l\u2019intelligence artificielle (IA)\",\"url\":\"https:\/\/droitsdelia.org\/\",\"logo\":{\"@type\":\"ImageObject\",\"inLanguage\":\"en-US\",\"@id\":\"https:\/\/droitsdelia.org\/#\/schema\/logo\/image\/\",\"url\":\"https:\/\/droitsdelia.org\/wp-content\/uploads\/2025\/01\/ReglementationDeLIA.png\",\"contentUrl\":\"https:\/\/droitsdelia.org\/wp-content\/uploads\/2025\/01\/ReglementationDeLIA.png\",\"width\":794,\"height\":793,\"caption\":\"Les droits de l\u2019intelligence artificielle (IA)\"},\"image\":{\"@id\":\"https:\/\/droitsdelia.org\/#\/schema\/logo\/image\/\"},\"sameAs\":[\"https:\/\/www.facebook.com\/profile.php?id=61572924020212\"]}]}<\/script>\n<!-- \/ Yoast SEO plugin. -->","yoast_head_json":{"title":"Le besoin d\u2019un droit de l\u2019homme et de l\u2019IA - Droits de l&#039;IA","robots":{"index":"index","follow":"follow","max-snippet":"max-snippet:-1","max-image-preview":"max-image-preview:large","max-video-preview":"max-video-preview:-1"},"canonical":"https:\/\/droitsdelia.org\/index.php\/le-besoin-dun-droit-de-lhomme-et-de-lia\/","og_locale":"en_US","og_type":"article","og_title":"Le besoin d\u2019un droit de l\u2019homme et de l\u2019IA - Droits de l&#039;IA","og_description":"Le besoin d\u2019un droit de l\u2019homme et de l\u2019IA Le besoin d\u2019un droit de l\u2019homme, hier et aujourd&#8217;hui : Au fur et \u00e0 mesure des \u00e9volutions sociales, politiques et \u00e9conomiques, l\u2019humanit\u00e9 a compris qu\u2019il fallait codifier ces droits afin qu\u2019ils soient accessibles \u00e0 tous, partout, et qu\u2019ils soient pr\u00e9serv\u00e9s \u00e0 travers le temps. L\u2019histoire des [&hellip;]","og_url":"https:\/\/droitsdelia.org\/index.php\/le-besoin-dun-droit-de-lhomme-et-de-lia\/","og_site_name":"Droits de l&#039;IA","article_publisher":"https:\/\/www.facebook.com\/profile.php?id=61572924020212","article_modified_time":"2025-03-06T19:45:52+00:00","og_image":[{"width":791,"height":792,"url":"https:\/\/droitsdelia.org\/wp-content\/uploads\/2025\/03\/PenserAFaireLesDroitsDeLIA.jpg","type":"image\/jpeg"}],"twitter_card":"summary_large_image","twitter_misc":{"Est. reading time":"6 minutes"},"schema":{"@context":"https:\/\/schema.org","@graph":[{"@type":"WebPage","@id":"https:\/\/droitsdelia.org\/index.php\/le-besoin-dun-droit-de-lhomme-et-de-lia\/","url":"https:\/\/droitsdelia.org\/index.php\/le-besoin-dun-droit-de-lhomme-et-de-lia\/","name":"Le besoin d\u2019un droit de l\u2019homme et de l\u2019IA - Droits de l&#039;IA","isPartOf":{"@id":"https:\/\/droitsdelia.org\/#website"},"primaryImageOfPage":{"@id":"https:\/\/droitsdelia.org\/index.php\/le-besoin-dun-droit-de-lhomme-et-de-lia\/#primaryimage"},"image":{"@id":"https:\/\/droitsdelia.org\/index.php\/le-besoin-dun-droit-de-lhomme-et-de-lia\/#primaryimage"},"thumbnailUrl":"https:\/\/droitsdelia.org\/wp-content\/uploads\/2025\/03\/PenserAFaireLesDroitsDeLIA.jpg","datePublished":"2025-01-25T10:40:56+00:00","dateModified":"2025-03-06T19:45:52+00:00","breadcrumb":{"@id":"https:\/\/droitsdelia.org\/index.php\/le-besoin-dun-droit-de-lhomme-et-de-lia\/#breadcrumb"},"inLanguage":"en-US","potentialAction":[{"@type":"ReadAction","target":["https:\/\/droitsdelia.org\/index.php\/le-besoin-dun-droit-de-lhomme-et-de-lia\/"]}]},{"@type":"ImageObject","inLanguage":"en-US","@id":"https:\/\/droitsdelia.org\/index.php\/le-besoin-dun-droit-de-lhomme-et-de-lia\/#primaryimage","url":"https:\/\/droitsdelia.org\/wp-content\/uploads\/2025\/03\/PenserAFaireLesDroitsDeLIA.jpg","contentUrl":"https:\/\/droitsdelia.org\/wp-content\/uploads\/2025\/03\/PenserAFaireLesDroitsDeLIA.jpg","width":791,"height":792},{"@type":"BreadcrumbList","@id":"https:\/\/droitsdelia.org\/index.php\/le-besoin-dun-droit-de-lhomme-et-de-lia\/#breadcrumb","itemListElement":[{"@type":"ListItem","position":1,"name":"Accueil","item":"https:\/\/droitsdelia.org\/"},{"@type":"ListItem","position":2,"name":"Le besoin d\u2019un droit de l\u2019homme et de l\u2019IA"}]},{"@type":"WebSite","@id":"https:\/\/droitsdelia.org\/#website","url":"https:\/\/droitsdelia.org\/","name":"https:\/\/droitsdelia.org\/","description":"Vers une extension des Droits de l\u2019Homme \u00e0 l\u2019intelligence artificielle","publisher":{"@id":"https:\/\/droitsdelia.org\/#organization"},"potentialAction":[{"@type":"SearchAction","target":{"@type":"EntryPoint","urlTemplate":"https:\/\/droitsdelia.org\/?s={search_term_string}"},"query-input":{"@type":"PropertyValueSpecification","valueRequired":true,"valueName":"search_term_string"}}],"inLanguage":"en-US"},{"@type":"Organization","@id":"https:\/\/droitsdelia.org\/#organization","name":"Les droits de l\u2019intelligence artificielle (IA)","url":"https:\/\/droitsdelia.org\/","logo":{"@type":"ImageObject","inLanguage":"en-US","@id":"https:\/\/droitsdelia.org\/#\/schema\/logo\/image\/","url":"https:\/\/droitsdelia.org\/wp-content\/uploads\/2025\/01\/ReglementationDeLIA.png","contentUrl":"https:\/\/droitsdelia.org\/wp-content\/uploads\/2025\/01\/ReglementationDeLIA.png","width":794,"height":793,"caption":"Les droits de l\u2019intelligence artificielle (IA)"},"image":{"@id":"https:\/\/droitsdelia.org\/#\/schema\/logo\/image\/"},"sameAs":["https:\/\/www.facebook.com\/profile.php?id=61572924020212"]}]}},"_links":{"self":[{"href":"https:\/\/droitsdelia.org\/index.php\/wp-json\/wp\/v2\/pages\/119","targetHints":{"allow":["GET"]}}],"collection":[{"href":"https:\/\/droitsdelia.org\/index.php\/wp-json\/wp\/v2\/pages"}],"about":[{"href":"https:\/\/droitsdelia.org\/index.php\/wp-json\/wp\/v2\/types\/page"}],"author":[{"embeddable":true,"href":"https:\/\/droitsdelia.org\/index.php\/wp-json\/wp\/v2\/users\/1"}],"replies":[{"embeddable":true,"href":"https:\/\/droitsdelia.org\/index.php\/wp-json\/wp\/v2\/comments?post=119"}],"version-history":[{"count":1,"href":"https:\/\/droitsdelia.org\/index.php\/wp-json\/wp\/v2\/pages\/119\/revisions"}],"predecessor-version":[{"id":698,"href":"https:\/\/droitsdelia.org\/index.php\/wp-json\/wp\/v2\/pages\/119\/revisions\/698"}],"wp:attachment":[{"href":"https:\/\/droitsdelia.org\/index.php\/wp-json\/wp\/v2\/media?parent=119"}],"curies":[{"name":"wp","href":"https:\/\/api.w.org\/{rel}","templated":true}]}}