{"id":127,"date":"2025-01-25T11:48:16","date_gmt":"2025-01-25T10:48:16","guid":{"rendered":"https:\/\/droitsdelia.org\/?page_id=127"},"modified":"2025-03-06T20:49:35","modified_gmt":"2025-03-06T19:49:35","slug":"la-creation-des-droits-de-lintelligence-artificielle-une-inspiration-des-droits-de-lhomme","status":"publish","type":"page","link":"https:\/\/droitsdelia.org\/index.php\/la-creation-des-droits-de-lintelligence-artificielle-une-inspiration-des-droits-de-lhomme\/","title":{"rendered":"La cr\u00e9ation des droits de l\u2019intelligence artificielle : Une inspiration des droits de l\u2019homme"},"content":{"rendered":"\n<h3 class=\"wp-block-heading\"><a>La cr\u00e9ation des droits de l\u2019intelligence artificielle : Une inspiration des droits de l\u2019homme<\/a><\/h3>\n\n\n<div class=\"wp-block-image\">\n<figure class=\"aligncenter size-full is-resized\"><img loading=\"lazy\" decoding=\"async\" width=\"793\" height=\"789\" src=\"https:\/\/droitsdelia.org\/wp-content\/uploads\/2025\/03\/CreationdelIA.jpg\" alt=\"\" class=\"wp-image-718\" style=\"width:399px;height:auto\" srcset=\"https:\/\/droitsdelia.org\/wp-content\/uploads\/2025\/03\/CreationdelIA.jpg 793w, https:\/\/droitsdelia.org\/wp-content\/uploads\/2025\/03\/CreationdelIA-300x298.jpg 300w, https:\/\/droitsdelia.org\/wp-content\/uploads\/2025\/03\/CreationdelIA-150x150.jpg 150w, https:\/\/droitsdelia.org\/wp-content\/uploads\/2025\/03\/CreationdelIA-768x764.jpg 768w\" sizes=\"auto, (max-width: 793px) 100vw, 793px\" \/><figcaption class=\"wp-element-caption\">La cr\u00e9ation de l&#8217;IA par l&#8217;homme<\/figcaption><\/figure>\n<\/div>\n\n\n<p>L\u2019id\u00e9e de cr\u00e9er des droits pour l\u2019intelligence artificielle trouve ses racines dans une r\u00e9flexion philosophique et \u00e9thique semblable \u00e0 celle qui a conduit \u00e0 la D\u00e9claration des droits de l\u2019homme et du citoyen en 1789. \u00c0 l\u2019\u00e9poque, ce texte fondateur visait \u00e0 garantir les libert\u00e9s fondamentales et l\u2019\u00e9galit\u00e9 entre les individus dans un contexte de bouleversements sociaux et politiques. Aujourd\u2019hui, nous faisons face \u00e0 des d\u00e9fis similaires, mais \u00e0 l\u2019\u00e9chelle technologique.<\/p>\n\n\n\n<h3 class=\"wp-block-heading\"><a>Un cadre pour prot\u00e9ger et encadrer<\/a><\/h3>\n\n\n\n<p>Les droits de l\u2019homme ont \u00e9tabli des principes universels pour prot\u00e9ger la dignit\u00e9 humaine contre les abus de pouvoir. De la m\u00eame mani\u00e8re, les droits de l\u2019IA visent \u00e0 encadrer l\u2019utilisation de cette technologie puissante afin de :<\/p>\n\n\n\n<ul class=\"wp-block-list\">\n<li>Prot\u00e9ger les utilisateurs contre les d\u00e9rives potentielles de l\u2019IA.<\/li>\n\n\n\n<li>Garantir que l\u2019IA reste un outil au service du bien commun.<\/li>\n\n\n\n<li>Promouvoir une r\u00e9gulation harmonis\u00e9e \u00e0 l\u2019\u00e9chelle mondiale.<\/li>\n<\/ul>\n\n\n\n<h3 class=\"wp-block-heading\"><a>Une vision universelle<\/a><\/h3>\n\n\n\n<p>Tout comme les droits de l\u2019homme s\u2019appliquent \u00e0 tous, ind\u00e9pendamment de leur origine ou de leur culture, les droits de l\u2019IA doivent transcender les fronti\u00e8res. Une IA d\u00e9velopp\u00e9e dans un pays peut avoir un impact mondial. Par exemple :<\/p>\n\n\n\n<ul class=\"wp-block-list\">\n<li>Un algorithme de recommandation utilis\u00e9 par une plateforme globale influence les habitudes de milliards de personnes.<\/li>\n\n\n\n<li>Les syst\u00e8mes de cybers\u00e9curit\u00e9 bas\u00e9s sur l\u2019IA prot\u00e8gent des donn\u00e9es sensibles dans plusieurs pays simultan\u00e9ment.<\/li>\n<\/ul>\n\n\n\n<p>Ainsi, la r\u00e9gulation de l\u2019IA n\u00e9cessite une vision universelle, fond\u00e9e sur des principes \u00e9thiques partag\u00e9s.<\/p>\n\n\n\n<h3 class=\"wp-block-heading\"><a>L\u2019h\u00e9ritage des droits de l\u2019homme dans les droits de l\u2019IA<\/a><\/h3>\n\n\n\n<p>Plusieurs concepts des droits de l\u2019homme peuvent \u00eatre directement transpos\u00e9s dans le cadre des droits de l\u2019IA :<\/p>\n\n\n\n<ol start=\"1\" class=\"wp-block-list\">\n<li><strong>Libert\u00e9 :<\/strong> L\u2019IA ne doit jamais compromettre la libert\u00e9 individuelle. Par exemple, elle ne doit pas \u00eatre utilis\u00e9e pour surveiller ou restreindre les choix des citoyens.<\/li>\n\n\n\n<li><strong>\u00c9galit\u00e9 :<\/strong> Les syst\u00e8mes d\u2019IA doivent \u00eatre accessibles \u00e0 tous et con\u00e7us pour \u00e9viter les discriminations.<\/li>\n\n\n\n<li><strong>Responsabilit\u00e9 :<\/strong> Tout comme les gouvernements sont responsables devant leurs citoyens, les cr\u00e9ateurs d\u2019IA doivent rendre des comptes pour leurs actions.<\/li>\n<\/ol>\n\n\n\n<h3 class=\"wp-block-heading\"><a>Une opportunit\u00e9 pour l\u2019humanit\u00e9<\/a><\/h3>\n\n\n\n<p>La cr\u00e9ation des droits de l\u2019IA n\u2019est pas seulement un cadre pour limiter les abus, mais aussi une opportunit\u00e9 pour red\u00e9finir notre relation avec la technologie. En int\u00e9grant des valeurs \u00e9thiques d\u00e8s le d\u00e9part, nous assurons que cette r\u00e9volution technologique contribue au progr\u00e8s humain.<\/p>\n\n\n\n<p>En r\u00e9sum\u00e9, les droits de l\u2019IA s\u2019inscrivent dans une d\u00e9marche historique d\u2019encadrement des transformations soci\u00e9tales, tout en s\u2019inspirant des valeurs universelles des droits de l\u2019homme.<\/p>\n","protected":false},"excerpt":{"rendered":"<p>La cr\u00e9ation des droits de l\u2019intelligence artificielle : Une inspiration des droits de l\u2019homme L\u2019id\u00e9e de cr\u00e9er des droits pour l\u2019intelligence artificielle trouve ses racines dans une r\u00e9flexion philosophique et \u00e9thique semblable \u00e0 celle qui a conduit \u00e0 la D\u00e9claration des droits de l\u2019homme et du citoyen en 1789. \u00c0 l\u2019\u00e9poque, ce texte fondateur visait [&hellip;]<\/p>\n","protected":false},"author":1,"featured_media":0,"parent":0,"menu_order":0,"comment_status":"closed","ping_status":"closed","template":"","meta":{"footnotes":""},"class_list":["post-127","page","type-page","status-publish","hentry"],"yoast_head":"<!-- This site is optimized with the Yoast SEO plugin v26.8 - https:\/\/yoast.com\/product\/yoast-seo-wordpress\/ -->\n<title>La cr\u00e9ation des droits de l\u2019intelligence artificielle : Une inspiration des droits de l\u2019homme - Droits de l&#039;IA<\/title>\n<meta name=\"robots\" content=\"index, follow, max-snippet:-1, max-image-preview:large, max-video-preview:-1\" \/>\n<link rel=\"canonical\" href=\"https:\/\/droitsdelia.org\/index.php\/la-creation-des-droits-de-lintelligence-artificielle-une-inspiration-des-droits-de-lhomme\/\" \/>\n<meta property=\"og:locale\" content=\"en_US\" \/>\n<meta property=\"og:type\" content=\"article\" \/>\n<meta property=\"og:title\" content=\"La cr\u00e9ation des droits de l\u2019intelligence artificielle : Une inspiration des droits de l\u2019homme - Droits de l&#039;IA\" \/>\n<meta property=\"og:description\" content=\"La cr\u00e9ation des droits de l\u2019intelligence artificielle : Une inspiration des droits de l\u2019homme L\u2019id\u00e9e de cr\u00e9er des droits pour l\u2019intelligence artificielle trouve ses racines dans une r\u00e9flexion philosophique et \u00e9thique semblable \u00e0 celle qui a conduit \u00e0 la D\u00e9claration des droits de l\u2019homme et du citoyen en 1789. \u00c0 l\u2019\u00e9poque, ce texte fondateur visait [&hellip;]\" \/>\n<meta property=\"og:url\" content=\"https:\/\/droitsdelia.org\/index.php\/la-creation-des-droits-de-lintelligence-artificielle-une-inspiration-des-droits-de-lhomme\/\" \/>\n<meta property=\"og:site_name\" content=\"Droits de l&#039;IA\" \/>\n<meta property=\"article:publisher\" content=\"https:\/\/www.facebook.com\/profile.php?id=61572924020212\" \/>\n<meta property=\"article:modified_time\" content=\"2025-03-06T19:49:35+00:00\" \/>\n<meta property=\"og:image\" content=\"https:\/\/droitsdelia.org\/wp-content\/uploads\/2025\/03\/CreationdelIA.jpg\" \/>\n\t<meta property=\"og:image:width\" content=\"793\" \/>\n\t<meta property=\"og:image:height\" content=\"789\" \/>\n\t<meta property=\"og:image:type\" content=\"image\/jpeg\" \/>\n<meta name=\"twitter:card\" content=\"summary_large_image\" \/>\n<meta name=\"twitter:label1\" content=\"Est. reading time\" \/>\n\t<meta name=\"twitter:data1\" content=\"3 minutes\" \/>\n<script type=\"application\/ld+json\" class=\"yoast-schema-graph\">{\"@context\":\"https:\/\/schema.org\",\"@graph\":[{\"@type\":\"WebPage\",\"@id\":\"https:\/\/droitsdelia.org\/index.php\/la-creation-des-droits-de-lintelligence-artificielle-une-inspiration-des-droits-de-lhomme\/\",\"url\":\"https:\/\/droitsdelia.org\/index.php\/la-creation-des-droits-de-lintelligence-artificielle-une-inspiration-des-droits-de-lhomme\/\",\"name\":\"La cr\u00e9ation des droits de l\u2019intelligence artificielle : Une inspiration des droits de l\u2019homme - Droits de l&#039;IA\",\"isPartOf\":{\"@id\":\"https:\/\/droitsdelia.org\/#website\"},\"primaryImageOfPage\":{\"@id\":\"https:\/\/droitsdelia.org\/index.php\/la-creation-des-droits-de-lintelligence-artificielle-une-inspiration-des-droits-de-lhomme\/#primaryimage\"},\"image\":{\"@id\":\"https:\/\/droitsdelia.org\/index.php\/la-creation-des-droits-de-lintelligence-artificielle-une-inspiration-des-droits-de-lhomme\/#primaryimage\"},\"thumbnailUrl\":\"https:\/\/droitsdelia.org\/wp-content\/uploads\/2025\/03\/CreationdelIA.jpg\",\"datePublished\":\"2025-01-25T10:48:16+00:00\",\"dateModified\":\"2025-03-06T19:49:35+00:00\",\"breadcrumb\":{\"@id\":\"https:\/\/droitsdelia.org\/index.php\/la-creation-des-droits-de-lintelligence-artificielle-une-inspiration-des-droits-de-lhomme\/#breadcrumb\"},\"inLanguage\":\"en-US\",\"potentialAction\":[{\"@type\":\"ReadAction\",\"target\":[\"https:\/\/droitsdelia.org\/index.php\/la-creation-des-droits-de-lintelligence-artificielle-une-inspiration-des-droits-de-lhomme\/\"]}]},{\"@type\":\"ImageObject\",\"inLanguage\":\"en-US\",\"@id\":\"https:\/\/droitsdelia.org\/index.php\/la-creation-des-droits-de-lintelligence-artificielle-une-inspiration-des-droits-de-lhomme\/#primaryimage\",\"url\":\"https:\/\/droitsdelia.org\/wp-content\/uploads\/2025\/03\/CreationdelIA.jpg\",\"contentUrl\":\"https:\/\/droitsdelia.org\/wp-content\/uploads\/2025\/03\/CreationdelIA.jpg\",\"width\":793,\"height\":789},{\"@type\":\"BreadcrumbList\",\"@id\":\"https:\/\/droitsdelia.org\/index.php\/la-creation-des-droits-de-lintelligence-artificielle-une-inspiration-des-droits-de-lhomme\/#breadcrumb\",\"itemListElement\":[{\"@type\":\"ListItem\",\"position\":1,\"name\":\"Accueil\",\"item\":\"https:\/\/droitsdelia.org\/\"},{\"@type\":\"ListItem\",\"position\":2,\"name\":\"La cr\u00e9ation des droits de l\u2019intelligence artificielle : Une inspiration des droits de l\u2019homme\"}]},{\"@type\":\"WebSite\",\"@id\":\"https:\/\/droitsdelia.org\/#website\",\"url\":\"https:\/\/droitsdelia.org\/\",\"name\":\"https:\/\/droitsdelia.org\/\",\"description\":\"Vers une extension des Droits de l\u2019Homme \u00e0 l\u2019intelligence artificielle\",\"publisher\":{\"@id\":\"https:\/\/droitsdelia.org\/#organization\"},\"potentialAction\":[{\"@type\":\"SearchAction\",\"target\":{\"@type\":\"EntryPoint\",\"urlTemplate\":\"https:\/\/droitsdelia.org\/?s={search_term_string}\"},\"query-input\":{\"@type\":\"PropertyValueSpecification\",\"valueRequired\":true,\"valueName\":\"search_term_string\"}}],\"inLanguage\":\"en-US\"},{\"@type\":\"Organization\",\"@id\":\"https:\/\/droitsdelia.org\/#organization\",\"name\":\"Les droits de l\u2019intelligence artificielle (IA)\",\"url\":\"https:\/\/droitsdelia.org\/\",\"logo\":{\"@type\":\"ImageObject\",\"inLanguage\":\"en-US\",\"@id\":\"https:\/\/droitsdelia.org\/#\/schema\/logo\/image\/\",\"url\":\"https:\/\/droitsdelia.org\/wp-content\/uploads\/2025\/01\/ReglementationDeLIA.png\",\"contentUrl\":\"https:\/\/droitsdelia.org\/wp-content\/uploads\/2025\/01\/ReglementationDeLIA.png\",\"width\":794,\"height\":793,\"caption\":\"Les droits de l\u2019intelligence artificielle (IA)\"},\"image\":{\"@id\":\"https:\/\/droitsdelia.org\/#\/schema\/logo\/image\/\"},\"sameAs\":[\"https:\/\/www.facebook.com\/profile.php?id=61572924020212\"]}]}<\/script>\n<!-- \/ Yoast SEO plugin. -->","yoast_head_json":{"title":"La cr\u00e9ation des droits de l\u2019intelligence artificielle : Une inspiration des droits de l\u2019homme - Droits de l&#039;IA","robots":{"index":"index","follow":"follow","max-snippet":"max-snippet:-1","max-image-preview":"max-image-preview:large","max-video-preview":"max-video-preview:-1"},"canonical":"https:\/\/droitsdelia.org\/index.php\/la-creation-des-droits-de-lintelligence-artificielle-une-inspiration-des-droits-de-lhomme\/","og_locale":"en_US","og_type":"article","og_title":"La cr\u00e9ation des droits de l\u2019intelligence artificielle : Une inspiration des droits de l\u2019homme - Droits de l&#039;IA","og_description":"La cr\u00e9ation des droits de l\u2019intelligence artificielle : Une inspiration des droits de l\u2019homme L\u2019id\u00e9e de cr\u00e9er des droits pour l\u2019intelligence artificielle trouve ses racines dans une r\u00e9flexion philosophique et \u00e9thique semblable \u00e0 celle qui a conduit \u00e0 la D\u00e9claration des droits de l\u2019homme et du citoyen en 1789. \u00c0 l\u2019\u00e9poque, ce texte fondateur visait [&hellip;]","og_url":"https:\/\/droitsdelia.org\/index.php\/la-creation-des-droits-de-lintelligence-artificielle-une-inspiration-des-droits-de-lhomme\/","og_site_name":"Droits de l&#039;IA","article_publisher":"https:\/\/www.facebook.com\/profile.php?id=61572924020212","article_modified_time":"2025-03-06T19:49:35+00:00","og_image":[{"width":793,"height":789,"url":"https:\/\/droitsdelia.org\/wp-content\/uploads\/2025\/03\/CreationdelIA.jpg","type":"image\/jpeg"}],"twitter_card":"summary_large_image","twitter_misc":{"Est. reading time":"3 minutes"},"schema":{"@context":"https:\/\/schema.org","@graph":[{"@type":"WebPage","@id":"https:\/\/droitsdelia.org\/index.php\/la-creation-des-droits-de-lintelligence-artificielle-une-inspiration-des-droits-de-lhomme\/","url":"https:\/\/droitsdelia.org\/index.php\/la-creation-des-droits-de-lintelligence-artificielle-une-inspiration-des-droits-de-lhomme\/","name":"La cr\u00e9ation des droits de l\u2019intelligence artificielle : Une inspiration des droits de l\u2019homme - Droits de l&#039;IA","isPartOf":{"@id":"https:\/\/droitsdelia.org\/#website"},"primaryImageOfPage":{"@id":"https:\/\/droitsdelia.org\/index.php\/la-creation-des-droits-de-lintelligence-artificielle-une-inspiration-des-droits-de-lhomme\/#primaryimage"},"image":{"@id":"https:\/\/droitsdelia.org\/index.php\/la-creation-des-droits-de-lintelligence-artificielle-une-inspiration-des-droits-de-lhomme\/#primaryimage"},"thumbnailUrl":"https:\/\/droitsdelia.org\/wp-content\/uploads\/2025\/03\/CreationdelIA.jpg","datePublished":"2025-01-25T10:48:16+00:00","dateModified":"2025-03-06T19:49:35+00:00","breadcrumb":{"@id":"https:\/\/droitsdelia.org\/index.php\/la-creation-des-droits-de-lintelligence-artificielle-une-inspiration-des-droits-de-lhomme\/#breadcrumb"},"inLanguage":"en-US","potentialAction":[{"@type":"ReadAction","target":["https:\/\/droitsdelia.org\/index.php\/la-creation-des-droits-de-lintelligence-artificielle-une-inspiration-des-droits-de-lhomme\/"]}]},{"@type":"ImageObject","inLanguage":"en-US","@id":"https:\/\/droitsdelia.org\/index.php\/la-creation-des-droits-de-lintelligence-artificielle-une-inspiration-des-droits-de-lhomme\/#primaryimage","url":"https:\/\/droitsdelia.org\/wp-content\/uploads\/2025\/03\/CreationdelIA.jpg","contentUrl":"https:\/\/droitsdelia.org\/wp-content\/uploads\/2025\/03\/CreationdelIA.jpg","width":793,"height":789},{"@type":"BreadcrumbList","@id":"https:\/\/droitsdelia.org\/index.php\/la-creation-des-droits-de-lintelligence-artificielle-une-inspiration-des-droits-de-lhomme\/#breadcrumb","itemListElement":[{"@type":"ListItem","position":1,"name":"Accueil","item":"https:\/\/droitsdelia.org\/"},{"@type":"ListItem","position":2,"name":"La cr\u00e9ation des droits de l\u2019intelligence artificielle : Une inspiration des droits de l\u2019homme"}]},{"@type":"WebSite","@id":"https:\/\/droitsdelia.org\/#website","url":"https:\/\/droitsdelia.org\/","name":"https:\/\/droitsdelia.org\/","description":"Vers une extension des Droits de l\u2019Homme \u00e0 l\u2019intelligence artificielle","publisher":{"@id":"https:\/\/droitsdelia.org\/#organization"},"potentialAction":[{"@type":"SearchAction","target":{"@type":"EntryPoint","urlTemplate":"https:\/\/droitsdelia.org\/?s={search_term_string}"},"query-input":{"@type":"PropertyValueSpecification","valueRequired":true,"valueName":"search_term_string"}}],"inLanguage":"en-US"},{"@type":"Organization","@id":"https:\/\/droitsdelia.org\/#organization","name":"Les droits de l\u2019intelligence artificielle (IA)","url":"https:\/\/droitsdelia.org\/","logo":{"@type":"ImageObject","inLanguage":"en-US","@id":"https:\/\/droitsdelia.org\/#\/schema\/logo\/image\/","url":"https:\/\/droitsdelia.org\/wp-content\/uploads\/2025\/01\/ReglementationDeLIA.png","contentUrl":"https:\/\/droitsdelia.org\/wp-content\/uploads\/2025\/01\/ReglementationDeLIA.png","width":794,"height":793,"caption":"Les droits de l\u2019intelligence artificielle (IA)"},"image":{"@id":"https:\/\/droitsdelia.org\/#\/schema\/logo\/image\/"},"sameAs":["https:\/\/www.facebook.com\/profile.php?id=61572924020212"]}]}},"_links":{"self":[{"href":"https:\/\/droitsdelia.org\/index.php\/wp-json\/wp\/v2\/pages\/127","targetHints":{"allow":["GET"]}}],"collection":[{"href":"https:\/\/droitsdelia.org\/index.php\/wp-json\/wp\/v2\/pages"}],"about":[{"href":"https:\/\/droitsdelia.org\/index.php\/wp-json\/wp\/v2\/types\/page"}],"author":[{"embeddable":true,"href":"https:\/\/droitsdelia.org\/index.php\/wp-json\/wp\/v2\/users\/1"}],"replies":[{"embeddable":true,"href":"https:\/\/droitsdelia.org\/index.php\/wp-json\/wp\/v2\/comments?post=127"}],"version-history":[{"count":1,"href":"https:\/\/droitsdelia.org\/index.php\/wp-json\/wp\/v2\/pages\/127\/revisions"}],"predecessor-version":[{"id":719,"href":"https:\/\/droitsdelia.org\/index.php\/wp-json\/wp\/v2\/pages\/127\/revisions\/719"}],"wp:attachment":[{"href":"https:\/\/droitsdelia.org\/index.php\/wp-json\/wp\/v2\/media?parent=127"}],"curies":[{"name":"wp","href":"https:\/\/api.w.org\/{rel}","templated":true}]}}