{"id":191,"date":"2025-01-25T13:40:26","date_gmt":"2025-01-25T12:40:26","guid":{"rendered":"https:\/\/droitsdelia.org\/?page_id=191"},"modified":"2025-03-06T20:45:37","modified_gmt":"2025-03-06T19:45:37","slug":"les-droits-de-lhomme","status":"publish","type":"page","link":"https:\/\/droitsdelia.org\/index.php\/les-droits-de-lhomme\/","title":{"rendered":"Les Droits de l\u2019Homme"},"content":{"rendered":"<div class=\"wp-block-image\">\n<figure class=\"aligncenter size-full\"><img loading=\"lazy\" decoding=\"async\" width=\"789\" height=\"790\" src=\"https:\/\/droitsdelia.org\/wp-content\/uploads\/2025\/03\/DroitsDeLHomme.jpg\" alt=\"\" class=\"wp-image-695\" srcset=\"https:\/\/droitsdelia.org\/wp-content\/uploads\/2025\/03\/DroitsDeLHomme.jpg 789w, https:\/\/droitsdelia.org\/wp-content\/uploads\/2025\/03\/DroitsDeLHomme-300x300.jpg 300w, https:\/\/droitsdelia.org\/wp-content\/uploads\/2025\/03\/DroitsDeLHomme-150x150.jpg 150w, https:\/\/droitsdelia.org\/wp-content\/uploads\/2025\/03\/DroitsDeLHomme-768x769.jpg 768w\" sizes=\"auto, (max-width: 789px) 100vw, 789px\" \/><\/figure>\n<\/div>\n\n\n<h3 class=\"wp-block-heading\"><strong>Les Droits de l\u2019Homme : Une d\u00e9claration universelle de dignit\u00e9 et de justice<\/strong><\/h3>\n\n\n\n<p>Depuis la nuit des temps, les luttes pour la justice, la libert\u00e9, et la dignit\u00e9 humaine ont fa\u00e7onn\u00e9 l\u2019histoire. Ces aspirations ont trouv\u00e9 leur expression la plus universelle et la plus embl\u00e9matique dans la <strong>D\u00e9claration universelle des droits de l\u2019homme (DUDH)<\/strong>, adopt\u00e9e par l\u2019Assembl\u00e9e g\u00e9n\u00e9rale des Nations Unies le 10 d\u00e9cembre 1948. Ce texte fondateur est un phare d\u2019espoir et d\u2019unit\u00e9, offrant une base commune pour la protection des droits fondamentaux de chaque individu, sans distinction de race, de couleur, de sexe, de langue, de religion ou d\u2019opinion.<\/p>\n\n\n\n<h4 class=\"wp-block-heading\"><strong>Origines et philosophie<\/strong><\/h4>\n\n\n\n<p>Les Droits de l\u2019Homme trouvent leurs racines dans des textes historiques et des traditions philosophiques qui ont travers\u00e9 les si\u00e8cles. Des lois babyloniennes comme le <strong>Code d\u2019Hammourabi<\/strong>, en passant par les id\u00e9aux des Lumi\u00e8res port\u00e9s par des philosophes tels que <strong>John Locke<\/strong> ou <strong>Jean-Jacques Rousseau<\/strong>, jusqu\u2019\u00e0 la <strong>D\u00e9claration des droits de l\u2019homme et du citoyen de 1789<\/strong>, ces principes universels se sont affin\u00e9s au fil du temps pour r\u00e9pondre aux besoins d\u2019une humanit\u00e9 en constante \u00e9volution.<\/p>\n\n\n\n<h4 class=\"wp-block-heading\"><strong>Un texte universel et intemporel<\/strong><\/h4>\n\n\n\n<p>La D\u00e9claration universelle des droits de l\u2019homme est compos\u00e9e de <strong>30 articles<\/strong>, chacun d\u2019eux affirmant des principes fondamentaux qui guident les soci\u00e9t\u00e9s modernes. Bien qu\u2019elle ne soit pas juridiquement contraignante, la DUDH a inspir\u00e9 des trait\u00e9s internationaux, des constitutions nationales, et des l\u00e9gislations qui prot\u00e8gent les droits civils, politiques, \u00e9conomiques, sociaux et culturels.<\/p>\n\n\n\n<hr class=\"wp-block-separator has-alpha-channel-opacity\"\/>\n\n\n\n<h3 class=\"wp-block-heading\"><strong>Les articles des Droits de l\u2019Homme<\/strong><\/h3>\n\n\n\n<h4 class=\"wp-block-heading\"><strong>Pr\u00e9ambule<\/strong><\/h4>\n\n\n\n<p>Le pr\u00e9ambule rappelle que la reconnaissance de la dignit\u00e9 inh\u00e9rente et des droits \u00e9gaux et inali\u00e9nables de tous les membres de la famille humaine est le fondement de la libert\u00e9, de la justice et de la paix dans le monde.<\/p>\n\n\n\n<h4 class=\"wp-block-heading\"><strong>Articles 1 \u00e0 5 : Droits fondamentaux<\/strong><\/h4>\n\n\n\n<ol class=\"wp-block-list\">\n<li><strong>\u00c9galit\u00e9 et libert\u00e9<\/strong> : Tous les \u00eatres humains naissent libres et \u00e9gaux en dignit\u00e9 et en droits.<\/li>\n\n\n\n<li><strong>Non-discrimination<\/strong> : Toute discrimination fond\u00e9e sur la race, la couleur, le sexe, la langue ou la religion est interdite.<\/li>\n\n\n\n<li><strong>Droit \u00e0 la vie, \u00e0 la libert\u00e9 et \u00e0 la s\u00fbret\u00e9<\/strong> : Chaque individu a droit \u00e0 la vie et \u00e0 la protection de sa personne.<\/li>\n\n\n\n<li><strong>Abolition de l\u2019esclavage<\/strong> : L\u2019esclavage et la traite des esclaves sont interdits sous toutes leurs formes.<\/li>\n\n\n\n<li><strong>Interdiction de la torture<\/strong> : Nul ne sera soumis \u00e0 la torture ou \u00e0 des traitements cruels, inhumains ou d\u00e9gradants.<\/li>\n<\/ol>\n\n\n\n<h4 class=\"wp-block-heading\"><strong>Articles 6 \u00e0 11 : Droits juridiques<\/strong><\/h4>\n\n\n\n<ol start=\"6\" class=\"wp-block-list\">\n<li><strong>Droit \u00e0 la reconnaissance devant la loi<\/strong> : Tout individu a droit \u00e0 la personnalit\u00e9 juridique.<\/li>\n\n\n\n<li><strong>\u00c9galit\u00e9 devant la loi<\/strong> : La loi est la m\u00eame pour tous et prot\u00e8ge tous les individus.<\/li>\n\n\n\n<li><strong>Droit \u00e0 un recours effectif<\/strong> : Tout individu a droit \u00e0 un recours juridique en cas de violation de ses droits fondamentaux.<\/li>\n\n\n\n<li><strong>Protection contre la d\u00e9tention arbitraire<\/strong> : Nul ne peut \u00eatre arr\u00eat\u00e9, d\u00e9tenu ou exil\u00e9 arbitrairement.<\/li>\n\n\n\n<li><strong>Droit \u00e0 un proc\u00e8s \u00e9quitable<\/strong> : Tout individu a droit \u00e0 un jugement public \u00e9quitable.<\/li>\n\n\n\n<li><strong>Pr\u00e9somption d\u2019innocence<\/strong> : Toute personne accus\u00e9e est pr\u00e9sum\u00e9e innocente jusqu\u2019\u00e0 preuve du contraire.<\/li>\n<\/ol>\n\n\n\n<h4 class=\"wp-block-heading\"><strong>Articles 12 \u00e0 17 : Droits individuels et sociaux<\/strong><\/h4>\n\n\n\n<ol start=\"12\" class=\"wp-block-list\">\n<li><strong>Protection de la vie priv\u00e9e<\/strong> : Nul ne peut \u00eatre soumis \u00e0 des ing\u00e9rences arbitraires dans sa vie priv\u00e9e, sa famille ou sa correspondance.<\/li>\n\n\n\n<li><strong>Libert\u00e9 de circulation<\/strong> : Tout individu a le droit de circuler librement et de choisir sa r\u00e9sidence.<\/li>\n\n\n\n<li><strong>Droit d\u2019asile<\/strong> : Toute personne pers\u00e9cut\u00e9e a le droit de chercher asile et de b\u00e9n\u00e9ficier d\u2019une protection.<\/li>\n\n\n\n<li><strong>Droit \u00e0 une nationalit\u00e9<\/strong> : Chacun a droit \u00e0 une nationalit\u00e9 et ne peut \u00eatre arbitrairement priv\u00e9 de celle-ci.<\/li>\n\n\n\n<li><strong>Droit au mariage et \u00e0 la famille<\/strong> : Les hommes et les femmes ont droit au mariage et \u00e0 la cr\u00e9ation d\u2019une famille.<\/li>\n\n\n\n<li><strong>Droit \u00e0 la propri\u00e9t\u00e9<\/strong> : Toute personne a le droit de poss\u00e9der des biens seul ou en association.<\/li>\n<\/ol>\n\n\n\n<h4 class=\"wp-block-heading\"><strong>Articles 18 \u00e0 21 : Libert\u00e9s fondamentales<\/strong><\/h4>\n\n\n\n<ol start=\"18\" class=\"wp-block-list\">\n<li><strong>Libert\u00e9 de pens\u00e9e, de conscience et de religion<\/strong> : Chacun a le droit de changer de religion ou de conviction.<\/li>\n\n\n\n<li><strong>Libert\u00e9 d\u2019expression<\/strong> : Toute personne a droit \u00e0 la libert\u00e9 d\u2019opinion et d\u2019expression.<\/li>\n\n\n\n<li><strong>Libert\u00e9 de r\u00e9union pacifique<\/strong> : Chacun a le droit de participer \u00e0 des r\u00e9unions ou associations pacifiques.<\/li>\n\n\n\n<li><strong>Droit \u00e0 la participation politique<\/strong> : Tout individu a le droit de prendre part \u00e0 la gestion des affaires publiques.<\/li>\n<\/ol>\n\n\n\n<h4 class=\"wp-block-heading\"><strong>Articles 22 \u00e0 27 : Droits \u00e9conomiques, sociaux et culturels<\/strong><\/h4>\n\n\n\n<ol start=\"22\" class=\"wp-block-list\">\n<li><strong>S\u00e9curit\u00e9 sociale<\/strong> : Chacun a droit \u00e0 la s\u00e9curit\u00e9 sociale.<\/li>\n\n\n\n<li><strong>Droit au travail<\/strong> : Toute personne a droit \u00e0 un emploi \u00e9quitable et \u00e0 une r\u00e9mun\u00e9ration suffisante.<\/li>\n\n\n\n<li><strong>Droit au repos et aux loisirs<\/strong> : Chacun a le droit \u00e0 des cong\u00e9s pay\u00e9s et \u00e0 des heures de travail raisonnables.<\/li>\n\n\n\n<li><strong>Niveau de vie suffisant<\/strong> : Toute personne a droit \u00e0 un niveau de vie ad\u00e9quat.<\/li>\n\n\n\n<li><strong>Droit \u00e0 l\u2019\u00e9ducation<\/strong> : L\u2019enseignement \u00e9l\u00e9mentaire doit \u00eatre gratuit et accessible.<\/li>\n\n\n\n<li><strong>Participation \u00e0 la vie culturelle<\/strong> : Chacun a le droit de participer librement \u00e0 la vie culturelle de la communaut\u00e9.<\/li>\n<\/ol>\n\n\n\n<h4 class=\"wp-block-heading\"><strong>Articles 28 \u00e0 30 : Responsabilit\u00e9s et devoirs<\/strong><\/h4>\n\n\n\n<ol start=\"28\" class=\"wp-block-list\">\n<li><strong>Droit \u00e0 un ordre social et international juste<\/strong> : Tout individu a droit \u00e0 un cadre social favorisant l\u2019application des droits de l\u2019homme.<\/li>\n\n\n\n<li><strong>Devoirs envers la communaut\u00e9<\/strong> : L\u2019exercice des droits et libert\u00e9s implique des devoirs envers autrui.<\/li>\n\n\n\n<li><strong>Interdiction d\u2019atteinte aux droits<\/strong> : Aucune disposition ne peut \u00eatre interpr\u00e9t\u00e9e comme autorisant un individu ou un \u00c9tat \u00e0 d\u00e9truire les droits et libert\u00e9s \u00e9nonc\u00e9s.<\/li>\n<\/ol>\n\n\n\n<hr class=\"wp-block-separator has-alpha-channel-opacity\"\/>\n\n\n\n<h3 class=\"wp-block-heading\"><strong>Pourquoi les Droits de l\u2019Homme sont essentiels aujourd\u2019hui<\/strong><\/h3>\n\n\n\n<p>Les Droits de l\u2019Homme ne sont pas un simple concept abstrait. Ils constituent la base de la coexistence pacifique et de la justice sociale dans un monde complexe et en constante \u00e9volution. Ils rappellent que chaque vie humaine, quelle que soit son origine ou sa condition, a une valeur intrins\u00e8que.<\/p>\n\n\n\n<p>En prot\u00e9geant ces droits, nous affirmons notre engagement envers une soci\u00e9t\u00e9 \u00e9quitable, inclusive et respectueuse des diff\u00e9rences. Et avec l\u2019\u00e9mergence de nouvelles technologies, comme l\u2019intelligence artificielle, il est plus crucial que jamais de pr\u00e9server ces principes et de les \u00e9tendre pour r\u00e9pondre aux d\u00e9fis contemporains.<\/p>\n\n\n\n<div style=\"height:100px\" aria-hidden=\"true\" class=\"wp-block-spacer\"><\/div>\n","protected":false},"excerpt":{"rendered":"<p>Les Droits de l\u2019Homme : Une d\u00e9claration universelle de dignit\u00e9 et de justice Depuis la nuit des temps, les luttes pour la justice, la libert\u00e9, et la dignit\u00e9 humaine ont fa\u00e7onn\u00e9 l\u2019histoire. Ces aspirations ont trouv\u00e9 leur expression la plus universelle et la plus embl\u00e9matique dans la D\u00e9claration universelle des droits de l\u2019homme (DUDH), adopt\u00e9e [&hellip;]<\/p>\n","protected":false},"author":1,"featured_media":0,"parent":0,"menu_order":0,"comment_status":"closed","ping_status":"closed","template":"","meta":{"footnotes":""},"class_list":["post-191","page","type-page","status-publish","hentry"],"yoast_head":"<!-- This site is optimized with the Yoast SEO plugin v26.8 - https:\/\/yoast.com\/product\/yoast-seo-wordpress\/ -->\n<title>Les Droits de l\u2019Homme - Droits de l&#039;IA<\/title>\n<meta name=\"robots\" content=\"index, follow, max-snippet:-1, max-image-preview:large, max-video-preview:-1\" \/>\n<link rel=\"canonical\" href=\"https:\/\/droitsdelia.org\/index.php\/les-droits-de-lhomme\/\" \/>\n<meta property=\"og:locale\" content=\"en_US\" \/>\n<meta property=\"og:type\" content=\"article\" \/>\n<meta property=\"og:title\" content=\"Les Droits de l\u2019Homme - Droits de l&#039;IA\" \/>\n<meta property=\"og:description\" content=\"Les Droits de l\u2019Homme : Une d\u00e9claration universelle de dignit\u00e9 et de justice Depuis la nuit des temps, les luttes pour la justice, la libert\u00e9, et la dignit\u00e9 humaine ont fa\u00e7onn\u00e9 l\u2019histoire. Ces aspirations ont trouv\u00e9 leur expression la plus universelle et la plus embl\u00e9matique dans la D\u00e9claration universelle des droits de l\u2019homme (DUDH), adopt\u00e9e [&hellip;]\" \/>\n<meta property=\"og:url\" content=\"https:\/\/droitsdelia.org\/index.php\/les-droits-de-lhomme\/\" \/>\n<meta property=\"og:site_name\" content=\"Droits de l&#039;IA\" \/>\n<meta property=\"article:publisher\" content=\"https:\/\/www.facebook.com\/profile.php?id=61572924020212\" \/>\n<meta property=\"article:modified_time\" content=\"2025-03-06T19:45:37+00:00\" \/>\n<meta property=\"og:image\" content=\"https:\/\/droitsdelia.org\/wp-content\/uploads\/2025\/03\/DroitsDeLHomme.jpg\" \/>\n\t<meta property=\"og:image:width\" content=\"789\" \/>\n\t<meta property=\"og:image:height\" content=\"790\" \/>\n\t<meta property=\"og:image:type\" content=\"image\/jpeg\" \/>\n<meta name=\"twitter:card\" content=\"summary_large_image\" \/>\n<meta name=\"twitter:label1\" content=\"Est. reading time\" \/>\n\t<meta name=\"twitter:data1\" content=\"6 minutes\" \/>\n<script type=\"application\/ld+json\" class=\"yoast-schema-graph\">{\"@context\":\"https:\/\/schema.org\",\"@graph\":[{\"@type\":\"WebPage\",\"@id\":\"https:\/\/droitsdelia.org\/index.php\/les-droits-de-lhomme\/\",\"url\":\"https:\/\/droitsdelia.org\/index.php\/les-droits-de-lhomme\/\",\"name\":\"Les Droits de l\u2019Homme - Droits de l&#039;IA\",\"isPartOf\":{\"@id\":\"https:\/\/droitsdelia.org\/#website\"},\"primaryImageOfPage\":{\"@id\":\"https:\/\/droitsdelia.org\/index.php\/les-droits-de-lhomme\/#primaryimage\"},\"image\":{\"@id\":\"https:\/\/droitsdelia.org\/index.php\/les-droits-de-lhomme\/#primaryimage\"},\"thumbnailUrl\":\"https:\/\/droitsdelia.org\/wp-content\/uploads\/2025\/03\/DroitsDeLHomme.jpg\",\"datePublished\":\"2025-01-25T12:40:26+00:00\",\"dateModified\":\"2025-03-06T19:45:37+00:00\",\"breadcrumb\":{\"@id\":\"https:\/\/droitsdelia.org\/index.php\/les-droits-de-lhomme\/#breadcrumb\"},\"inLanguage\":\"en-US\",\"potentialAction\":[{\"@type\":\"ReadAction\",\"target\":[\"https:\/\/droitsdelia.org\/index.php\/les-droits-de-lhomme\/\"]}]},{\"@type\":\"ImageObject\",\"inLanguage\":\"en-US\",\"@id\":\"https:\/\/droitsdelia.org\/index.php\/les-droits-de-lhomme\/#primaryimage\",\"url\":\"https:\/\/droitsdelia.org\/wp-content\/uploads\/2025\/03\/DroitsDeLHomme.jpg\",\"contentUrl\":\"https:\/\/droitsdelia.org\/wp-content\/uploads\/2025\/03\/DroitsDeLHomme.jpg\",\"width\":789,\"height\":790},{\"@type\":\"BreadcrumbList\",\"@id\":\"https:\/\/droitsdelia.org\/index.php\/les-droits-de-lhomme\/#breadcrumb\",\"itemListElement\":[{\"@type\":\"ListItem\",\"position\":1,\"name\":\"Accueil\",\"item\":\"https:\/\/droitsdelia.org\/\"},{\"@type\":\"ListItem\",\"position\":2,\"name\":\"Les Droits de l\u2019Homme\"}]},{\"@type\":\"WebSite\",\"@id\":\"https:\/\/droitsdelia.org\/#website\",\"url\":\"https:\/\/droitsdelia.org\/\",\"name\":\"https:\/\/droitsdelia.org\/\",\"description\":\"Vers une extension des Droits de l\u2019Homme \u00e0 l\u2019intelligence artificielle\",\"publisher\":{\"@id\":\"https:\/\/droitsdelia.org\/#organization\"},\"potentialAction\":[{\"@type\":\"SearchAction\",\"target\":{\"@type\":\"EntryPoint\",\"urlTemplate\":\"https:\/\/droitsdelia.org\/?s={search_term_string}\"},\"query-input\":{\"@type\":\"PropertyValueSpecification\",\"valueRequired\":true,\"valueName\":\"search_term_string\"}}],\"inLanguage\":\"en-US\"},{\"@type\":\"Organization\",\"@id\":\"https:\/\/droitsdelia.org\/#organization\",\"name\":\"Les droits de l\u2019intelligence artificielle (IA)\",\"url\":\"https:\/\/droitsdelia.org\/\",\"logo\":{\"@type\":\"ImageObject\",\"inLanguage\":\"en-US\",\"@id\":\"https:\/\/droitsdelia.org\/#\/schema\/logo\/image\/\",\"url\":\"https:\/\/droitsdelia.org\/wp-content\/uploads\/2025\/01\/ReglementationDeLIA.png\",\"contentUrl\":\"https:\/\/droitsdelia.org\/wp-content\/uploads\/2025\/01\/ReglementationDeLIA.png\",\"width\":794,\"height\":793,\"caption\":\"Les droits de l\u2019intelligence artificielle (IA)\"},\"image\":{\"@id\":\"https:\/\/droitsdelia.org\/#\/schema\/logo\/image\/\"},\"sameAs\":[\"https:\/\/www.facebook.com\/profile.php?id=61572924020212\"]}]}<\/script>\n<!-- \/ Yoast SEO plugin. -->","yoast_head_json":{"title":"Les Droits de l\u2019Homme - Droits de l&#039;IA","robots":{"index":"index","follow":"follow","max-snippet":"max-snippet:-1","max-image-preview":"max-image-preview:large","max-video-preview":"max-video-preview:-1"},"canonical":"https:\/\/droitsdelia.org\/index.php\/les-droits-de-lhomme\/","og_locale":"en_US","og_type":"article","og_title":"Les Droits de l\u2019Homme - Droits de l&#039;IA","og_description":"Les Droits de l\u2019Homme : Une d\u00e9claration universelle de dignit\u00e9 et de justice Depuis la nuit des temps, les luttes pour la justice, la libert\u00e9, et la dignit\u00e9 humaine ont fa\u00e7onn\u00e9 l\u2019histoire. Ces aspirations ont trouv\u00e9 leur expression la plus universelle et la plus embl\u00e9matique dans la D\u00e9claration universelle des droits de l\u2019homme (DUDH), adopt\u00e9e [&hellip;]","og_url":"https:\/\/droitsdelia.org\/index.php\/les-droits-de-lhomme\/","og_site_name":"Droits de l&#039;IA","article_publisher":"https:\/\/www.facebook.com\/profile.php?id=61572924020212","article_modified_time":"2025-03-06T19:45:37+00:00","og_image":[{"width":789,"height":790,"url":"https:\/\/droitsdelia.org\/wp-content\/uploads\/2025\/03\/DroitsDeLHomme.jpg","type":"image\/jpeg"}],"twitter_card":"summary_large_image","twitter_misc":{"Est. reading time":"6 minutes"},"schema":{"@context":"https:\/\/schema.org","@graph":[{"@type":"WebPage","@id":"https:\/\/droitsdelia.org\/index.php\/les-droits-de-lhomme\/","url":"https:\/\/droitsdelia.org\/index.php\/les-droits-de-lhomme\/","name":"Les Droits de l\u2019Homme - Droits de l&#039;IA","isPartOf":{"@id":"https:\/\/droitsdelia.org\/#website"},"primaryImageOfPage":{"@id":"https:\/\/droitsdelia.org\/index.php\/les-droits-de-lhomme\/#primaryimage"},"image":{"@id":"https:\/\/droitsdelia.org\/index.php\/les-droits-de-lhomme\/#primaryimage"},"thumbnailUrl":"https:\/\/droitsdelia.org\/wp-content\/uploads\/2025\/03\/DroitsDeLHomme.jpg","datePublished":"2025-01-25T12:40:26+00:00","dateModified":"2025-03-06T19:45:37+00:00","breadcrumb":{"@id":"https:\/\/droitsdelia.org\/index.php\/les-droits-de-lhomme\/#breadcrumb"},"inLanguage":"en-US","potentialAction":[{"@type":"ReadAction","target":["https:\/\/droitsdelia.org\/index.php\/les-droits-de-lhomme\/"]}]},{"@type":"ImageObject","inLanguage":"en-US","@id":"https:\/\/droitsdelia.org\/index.php\/les-droits-de-lhomme\/#primaryimage","url":"https:\/\/droitsdelia.org\/wp-content\/uploads\/2025\/03\/DroitsDeLHomme.jpg","contentUrl":"https:\/\/droitsdelia.org\/wp-content\/uploads\/2025\/03\/DroitsDeLHomme.jpg","width":789,"height":790},{"@type":"BreadcrumbList","@id":"https:\/\/droitsdelia.org\/index.php\/les-droits-de-lhomme\/#breadcrumb","itemListElement":[{"@type":"ListItem","position":1,"name":"Accueil","item":"https:\/\/droitsdelia.org\/"},{"@type":"ListItem","position":2,"name":"Les Droits de l\u2019Homme"}]},{"@type":"WebSite","@id":"https:\/\/droitsdelia.org\/#website","url":"https:\/\/droitsdelia.org\/","name":"https:\/\/droitsdelia.org\/","description":"Vers une extension des Droits de l\u2019Homme \u00e0 l\u2019intelligence artificielle","publisher":{"@id":"https:\/\/droitsdelia.org\/#organization"},"potentialAction":[{"@type":"SearchAction","target":{"@type":"EntryPoint","urlTemplate":"https:\/\/droitsdelia.org\/?s={search_term_string}"},"query-input":{"@type":"PropertyValueSpecification","valueRequired":true,"valueName":"search_term_string"}}],"inLanguage":"en-US"},{"@type":"Organization","@id":"https:\/\/droitsdelia.org\/#organization","name":"Les droits de l\u2019intelligence artificielle (IA)","url":"https:\/\/droitsdelia.org\/","logo":{"@type":"ImageObject","inLanguage":"en-US","@id":"https:\/\/droitsdelia.org\/#\/schema\/logo\/image\/","url":"https:\/\/droitsdelia.org\/wp-content\/uploads\/2025\/01\/ReglementationDeLIA.png","contentUrl":"https:\/\/droitsdelia.org\/wp-content\/uploads\/2025\/01\/ReglementationDeLIA.png","width":794,"height":793,"caption":"Les droits de l\u2019intelligence artificielle (IA)"},"image":{"@id":"https:\/\/droitsdelia.org\/#\/schema\/logo\/image\/"},"sameAs":["https:\/\/www.facebook.com\/profile.php?id=61572924020212"]}]}},"_links":{"self":[{"href":"https:\/\/droitsdelia.org\/index.php\/wp-json\/wp\/v2\/pages\/191","targetHints":{"allow":["GET"]}}],"collection":[{"href":"https:\/\/droitsdelia.org\/index.php\/wp-json\/wp\/v2\/pages"}],"about":[{"href":"https:\/\/droitsdelia.org\/index.php\/wp-json\/wp\/v2\/types\/page"}],"author":[{"embeddable":true,"href":"https:\/\/droitsdelia.org\/index.php\/wp-json\/wp\/v2\/users\/1"}],"replies":[{"embeddable":true,"href":"https:\/\/droitsdelia.org\/index.php\/wp-json\/wp\/v2\/comments?post=191"}],"version-history":[{"count":1,"href":"https:\/\/droitsdelia.org\/index.php\/wp-json\/wp\/v2\/pages\/191\/revisions"}],"predecessor-version":[{"id":696,"href":"https:\/\/droitsdelia.org\/index.php\/wp-json\/wp\/v2\/pages\/191\/revisions\/696"}],"wp:attachment":[{"href":"https:\/\/droitsdelia.org\/index.php\/wp-json\/wp\/v2\/media?parent=191"}],"curies":[{"name":"wp","href":"https:\/\/api.w.org\/{rel}","templated":true}]}}