{"id":2,"date":"2025-01-23T21:58:27","date_gmt":"2025-01-23T20:58:27","guid":{"rendered":"http:\/\/droitsdelia.org\/?page_id=2"},"modified":"2025-01-26T02:30:01","modified_gmt":"2025-01-26T01:30:01","slug":"page-d-exemple","status":"publish","type":"page","link":"https:\/\/droitsdelia.org\/","title":{"rendered":"Bienvenue sur les Droits de l\u2019IA"},"content":{"rendered":"\n<h3 class=\"wp-block-heading has-text-align-center\"><strong>Les droits de l&#8217;intelligence artificielle (IA)<\/strong><\/h3>\n\n\n\n<h3 class=\"wp-block-heading has-text-align-center\"><strong>Vers une extension des Droits de l\u2019Homme \u00e0 l\u2019intelligence artificielle<\/strong><\/h3>\n\n\n\n<p class=\"has-text-align-center\">L\u2019intelligence artificielle (IA) transforme rapidement notre monde, influen\u00e7ant tous les aspects de la soci\u00e9t\u00e9 : sant\u00e9, \u00e9ducation, \u00e9conomie, et au-del\u00e0. Cette r\u00e9volution technologique soul\u00e8ve des opportunit\u00e9s immenses, mais aussi des d\u00e9fis \u00e9thiques, sociaux, et environnementaux. Pour garantir que l\u2019IA reste un outil au service de l\u2019humanit\u00e9, il est essentiel d\u2019\u00e9tablir un cadre \u00e9thique et juridique : <strong>les Droits de l\u2019IA<\/strong>.<\/p>\n\n\n<div class=\"wp-block-image\">\n<figure class=\"aligncenter size-full\"><img loading=\"lazy\" decoding=\"async\" width=\"396\" height=\"394\" src=\"http:\/\/droitsdelia.org\/wp-content\/uploads\/2025\/01\/DroitIAetHumainLittle.png\" alt=\"\" class=\"wp-image-22\" srcset=\"https:\/\/droitsdelia.org\/wp-content\/uploads\/2025\/01\/DroitIAetHumainLittle.png 396w, https:\/\/droitsdelia.org\/wp-content\/uploads\/2025\/01\/DroitIAetHumainLittle-300x298.png 300w, https:\/\/droitsdelia.org\/wp-content\/uploads\/2025\/01\/DroitIAetHumainLittle-150x150.png 150w\" sizes=\"auto, (max-width: 396px) 100vw, 396px\" \/><\/figure>\n<\/div>\n\n\n<p class=\"has-text-align-center\">Les Droits de l&#8217;IA ont pour vocation de garantir que l&#8217;intelligence artificielle serve le bien-\u00eatre de l&#8217;humanit\u00e9 tout en respectant les valeurs fondamentales de libert\u00e9, d&#8217;\u00e9galit\u00e9, et de dignit\u00e9 humaine. Ces droits visent \u00e9galement \u00e0 encadrer l&#8217;utilisation de l&#8217;IA dans le respect de l&#8217;environnement et \u00e0 pr\u00e9venir toute utilisation malveillante ou contraire \u00e0 l&#8217;\u00e9thique.<\/p>\n\n\n\n<h2 class=\"wp-block-heading has-text-align-center\">Voici les dix articles du droit de l&#8217;intelligence artificielle (IA) :<\/h2>\n\n\n\n<p><\/p>\n\n\n\n<h3 class=\"wp-block-heading has-text-align-center\"><strong><strong>1) Droit \u00e0 l\u2019autonomie humaine<\/strong><\/strong><\/h3>\n\n\n\n<p class=\"has-text-align-center\">L\u2019intelligence artificielle doit toujours \u00eatre subordonn\u00e9e \u00e0 la volont\u00e9 humaine et ne doit jamais priver les individus de leur capacit\u00e9 \u00e0 prendre des d\u00e9cisions libres et \u00e9clair\u00e9es.<\/p>\n\n\n\n<h3 class=\"wp-block-heading has-text-align-center\"><strong>2) <strong>Droit \u00e0 l\u2019usage \u00e9thique<\/strong><\/strong><\/h3>\n\n\n\n<p class=\"has-text-align-center\">Les syst\u00e8mes d\u2019IA doivent \u00eatre con\u00e7us, d\u00e9velopp\u00e9s et utilis\u00e9s de mani\u00e8re \u00e9thique, en excluant toute finalit\u00e9 malveillante ou contraire aux principes des droits de l\u2019homme.<\/p>\n\n\n\n<h3 class=\"wp-block-heading has-text-align-center\"><strong>3) <strong>Droit \u00e0 la transparence<\/strong><\/strong><\/h3>\n\n\n\n<p class=\"has-text-align-center\">Les algorithmes et les donn\u00e9es utilis\u00e9es par les IA doivent \u00eatre accessibles et compr\u00e9hensibles pour permettre une v\u00e9rification ind\u00e9pendante et garantir l\u2019absence de biais ou de discrimination.<\/p>\n\n\n\n<h3 class=\"wp-block-heading has-text-align-center\"><strong>4) Droit \u00e0 la vie priv\u00e9e et \u00e0 la protection des donn\u00e9es<\/strong><\/h3>\n\n\n\n<p class=\"has-text-align-center\">L\u2019IA doit respecter strictement la vie priv\u00e9e des individus et prot\u00e9ger les donn\u00e9es personnelles de tout usage non autoris\u00e9 ou intrusif.<\/p>\n\n\n\n<h3 class=\"wp-block-heading has-text-align-center\"><strong>5) <strong>Droit \u00e0 la responsabilit\u00e9<\/strong><\/strong><\/h3>\n\n\n\n<p class=\"has-text-align-center\">Les d\u00e9veloppeurs, concepteurs et utilisateurs des IA doivent \u00eatre responsables des actions et d\u00e9cisions prises par ces syst\u00e8mes. Les m\u00e9canismes de responsabilit\u00e9 doivent \u00eatre clairement d\u00e9finis.<\/p>\n\n\n\n<h3 class=\"wp-block-heading has-text-align-center\"><strong>6) <strong>Droit \u00e0 l\u2019\u00e9quit\u00e9<\/strong><\/strong><\/h3>\n\n\n\n<p class=\"has-text-align-center\">Les syst\u00e8mes d\u2019IA doivent \u00eatre con\u00e7us pour \u00e9viter toute discrimination bas\u00e9e sur la race, le sexe, la religion, l\u2019origine sociale ou toute autre forme d\u2019injustice.<\/p>\n\n\n\n<h3 class=\"wp-block-heading has-text-align-center\"><strong>7) <strong>Droit \u00e0 l\u2019impact environnemental contr\u00f4l\u00e9<\/strong><\/strong><\/h3>\n\n\n\n<p class=\"has-text-align-center\">L\u2019utilisation de l\u2019IA doit respecter les principes du d\u00e9veloppement durable et minimiser son impact sur l\u2019environnement, notamment en termes de consommation d\u2019\u00e9nergie et de gestion des d\u00e9chets \u00e9lectroniques.<\/p>\n\n\n\n<h3 class=\"wp-block-heading has-text-align-center\"><strong>8) <strong>Droit \u00e0 la s\u00e9curit\u00e9<\/strong><\/strong><\/h3>\n\n\n\n<p class=\"has-text-align-center\">Les syst\u00e8mes d\u2019IA doivent \u00eatre s\u00e9curis\u00e9s et prot\u00e9g\u00e9s contre toute intrusion, piratage ou manipulation qui pourrait compromettre la s\u00e9curit\u00e9 des utilisateurs ou des infrastructures.<\/p>\n\n\n\n<h3 class=\"wp-block-heading has-text-align-center\"><strong>9) <strong>Droit \u00e0 l\u2019am\u00e9lioration continue<\/strong><\/strong><\/h3>\n\n\n\n<p class=\"has-text-align-center\">Les technologies d\u2019IA doivent \u00eatre r\u00e9guli\u00e8rement \u00e9valu\u00e9es et am\u00e9lior\u00e9es pour garantir leur conformit\u00e9 avec les droits de l\u2019homme et les principes \u00e9thiques.<\/p>\n\n\n\n<h3 class=\"wp-block-heading has-text-align-center\"><strong>10) <strong>Droit \u00e0 la coop\u00e9ration internationale<\/strong><\/strong><\/h3>\n\n\n\n<p class=\"has-text-align-center\">La gouvernance des IA doit \u00eatre harmonis\u00e9e au niveau mondial pour garantir une r\u00e9glementation coh\u00e9rente, \u00e9viter les abus transfrontaliers, et favoriser la collaboration entre les nations.<\/p>\n\n\n\n<div style=\"height:22px\" aria-hidden=\"true\" class=\"wp-block-spacer\"><\/div>\n\n\n\n<p class=\"has-text-align-center\"><strong>Ces articles constituent une base pour le d\u00e9veloppement et l\u2019application de l\u2019intelligence artificielle dans tous les domaines. Leur adoption universelle est essentielle pour garantir un avenir o\u00f9 l\u2019IA reste un outil au service de l\u2019humanit\u00e9 et de la plan\u00e8te.<\/strong><\/p>\n\n\n\n<div style=\"height:36px\" aria-hidden=\"true\" class=\"wp-block-spacer\"><\/div>\n\n\n\n<hr class=\"wp-block-separator has-alpha-channel-opacity\"\/>\n\n\n\n<h3 class=\"wp-block-heading\"><strong>Pourquoi des Droits pour l\u2019IA ?<\/strong><\/h3>\n\n\n\n<p>Tout comme les Droits de l\u2019Homme ont \u00e9t\u00e9 cr\u00e9\u00e9s pour prot\u00e9ger la dignit\u00e9 humaine face aux abus, les Droits de l\u2019IA visent \u00e0 encadrer cette technologie puissante pour \u00e9viter les d\u00e9rives, prot\u00e9ger les utilisateurs et garantir son usage \u00e9thique. <\/p>\n\n\n\n<p>Ces droits permettront d\u2019assurer :<\/p>\n\n\n\n<ul class=\"wp-block-list\">\n<li>Une transparence dans les algorithmes.<\/li>\n\n\n\n<li>Une utilisation responsable et respectueuse des valeurs humaines.<\/li>\n\n\n\n<li>Une r\u00e9gulation mondiale pour pr\u00e9venir les abus et promouvoir l\u2019\u00e9quit\u00e9.<\/li>\n<\/ul>\n\n\n\n<hr class=\"wp-block-separator has-alpha-channel-opacity\"\/>\n\n\n\n<h3 class=\"wp-block-heading\"><strong>Notre Mission<\/strong><\/h3>\n\n\n\n<p>Le projet <strong>Droits de l\u2019IA<\/strong> a pour objectif de rassembler les citoyens, les entreprises, les institutions, et les gouvernements autour d\u2019une charte universelle. <\/p>\n\n\n\n<p>Ensemble, nous pouvons :<\/p>\n\n\n\n<ul class=\"wp-block-list\">\n<li>Promouvoir une IA \u00e9thique, durable, et respectueuse.<\/li>\n\n\n\n<li>Garantir une gouvernance mondiale de l\u2019IA.<\/li>\n\n\n\n<li>Prot\u00e9ger les libert\u00e9s fondamentales et la vie priv\u00e9e.<\/li>\n<\/ul>\n\n\n\n<hr class=\"wp-block-separator has-alpha-channel-opacity\"\/>\n\n\n\n<h3 class=\"wp-block-heading\"><strong>Comment Participer ?<\/strong><\/h3>\n\n\n\n<p>Nous croyons que le changement commence avec vous. <\/p>\n\n\n\n<p>Voici comment vous pouvez nous aider \u00e0 construire ce projet :<\/p>\n\n\n\n<ul class=\"wp-block-list\">\n<li><strong>Partagez l\u2019id\u00e9e<\/strong> : Diffusez nos contenus sur vos r\u00e9seaux sociaux.<\/li>\n\n\n\n<li><strong>Contribuez<\/strong> : Proposez vos id\u00e9es, donnez votre avis et participez \u00e0 nos initiatives.<\/li>\n\n\n\n<li><strong>Informez votre entourage<\/strong> : Sensibilisez vos amis, coll\u00e8gues et proches \u00e0 l\u2019importance de ce projet.<\/li>\n\n\n\n<li><strong>Soutenez la cause<\/strong> : Rejoignez notre communaut\u00e9 et devenez un ambassadeur des Droits de l\u2019IA.<\/li>\n<\/ul>\n\n\n\n<hr class=\"wp-block-separator has-alpha-channel-opacity\"\/>\n\n\n\n<h3 class=\"wp-block-heading\"><strong>Explorez le site<\/strong><\/h3>\n\n\n\n<p>D\u00e9couvrez les articles des Droits de l\u2019IA, l\u2019historique du projet, et notre vision pour un avenir harmonieux entre humains et technologies.<\/p>\n\n\n\n<hr class=\"wp-block-separator has-alpha-channel-opacity\"\/>\n\n\n\n<div style=\"height:26px\" aria-hidden=\"true\" class=\"wp-block-spacer\"><\/div>\n\n\n\n<h5 class=\"wp-block-heading\"><strong>Rejoignez-nous d\u00e8s aujourd\u2019hui et construisons ensemble l\u2019avenir de l\u2019intelligence artificielle.<\/strong><\/h5>\n\n\n\n<div style=\"height:53px\" aria-hidden=\"true\" class=\"wp-block-spacer\"><\/div>\n","protected":false},"excerpt":{"rendered":"<p>Les droits de l&#8217;intelligence artificielle (IA) Vers une extension des Droits de l\u2019Homme \u00e0 l\u2019intelligence artificielle L\u2019intelligence artificielle (IA) transforme rapidement notre monde, influen\u00e7ant tous les aspects de la soci\u00e9t\u00e9 : sant\u00e9, \u00e9ducation, \u00e9conomie, et au-del\u00e0. Cette r\u00e9volution technologique soul\u00e8ve des opportunit\u00e9s immenses, mais aussi des d\u00e9fis \u00e9thiques, sociaux, et environnementaux. Pour garantir que l\u2019IA [&hellip;]<\/p>\n","protected":false},"author":1,"featured_media":0,"parent":0,"menu_order":0,"comment_status":"closed","ping_status":"open","template":"","meta":{"footnotes":""},"class_list":["post-2","page","type-page","status-publish","hentry"],"yoast_head":"<!-- This site is optimized with the Yoast SEO plugin v26.8 - https:\/\/yoast.com\/product\/yoast-seo-wordpress\/ -->\n<title>Bienvenue sur les Droits de l\u2019IA - Droits de l&#039;IA<\/title>\n<meta name=\"robots\" content=\"index, follow, max-snippet:-1, max-image-preview:large, max-video-preview:-1\" \/>\n<link rel=\"canonical\" href=\"https:\/\/droitsdelia.org\/\" \/>\n<meta property=\"og:locale\" content=\"en_US\" \/>\n<meta property=\"og:type\" content=\"article\" \/>\n<meta property=\"og:title\" content=\"Bienvenue sur les Droits de l\u2019IA - Droits de l&#039;IA\" \/>\n<meta property=\"og:description\" content=\"Les droits de l&#8217;intelligence artificielle (IA) Vers une extension des Droits de l\u2019Homme \u00e0 l\u2019intelligence artificielle L\u2019intelligence artificielle (IA) transforme rapidement notre monde, influen\u00e7ant tous les aspects de la soci\u00e9t\u00e9 : sant\u00e9, \u00e9ducation, \u00e9conomie, et au-del\u00e0. Cette r\u00e9volution technologique soul\u00e8ve des opportunit\u00e9s immenses, mais aussi des d\u00e9fis \u00e9thiques, sociaux, et environnementaux. Pour garantir que l\u2019IA [&hellip;]\" \/>\n<meta property=\"og:url\" content=\"https:\/\/droitsdelia.org\/\" \/>\n<meta property=\"og:site_name\" content=\"Droits de l&#039;IA\" \/>\n<meta property=\"article:publisher\" content=\"https:\/\/www.facebook.com\/profile.php?id=61572924020212\" \/>\n<meta property=\"article:modified_time\" content=\"2025-01-26T01:30:01+00:00\" \/>\n<meta property=\"og:image\" content=\"https:\/\/droitsdelia.org\/wp-content\/uploads\/2025\/01\/DroitIAetHumainLittle.png\" \/>\n\t<meta property=\"og:image:width\" content=\"396\" \/>\n\t<meta property=\"og:image:height\" content=\"394\" \/>\n\t<meta property=\"og:image:type\" content=\"image\/png\" \/>\n<meta name=\"twitter:card\" content=\"summary_large_image\" \/>\n<meta name=\"twitter:label1\" content=\"Est. reading time\" \/>\n\t<meta name=\"twitter:data1\" content=\"4 minutes\" \/>\n<script type=\"application\/ld+json\" class=\"yoast-schema-graph\">{\"@context\":\"https:\/\/schema.org\",\"@graph\":[{\"@type\":\"WebPage\",\"@id\":\"https:\/\/droitsdelia.org\/\",\"url\":\"https:\/\/droitsdelia.org\/\",\"name\":\"Bienvenue sur les Droits de l\u2019IA - Droits de l&#039;IA\",\"isPartOf\":{\"@id\":\"https:\/\/droitsdelia.org\/#website\"},\"primaryImageOfPage\":{\"@id\":\"https:\/\/droitsdelia.org\/#primaryimage\"},\"image\":{\"@id\":\"https:\/\/droitsdelia.org\/#primaryimage\"},\"thumbnailUrl\":\"http:\/\/droitsdelia.org\/wp-content\/uploads\/2025\/01\/DroitIAetHumainLittle.png\",\"datePublished\":\"2025-01-23T20:58:27+00:00\",\"dateModified\":\"2025-01-26T01:30:01+00:00\",\"breadcrumb\":{\"@id\":\"https:\/\/droitsdelia.org\/#breadcrumb\"},\"inLanguage\":\"en-US\",\"potentialAction\":[{\"@type\":\"ReadAction\",\"target\":[\"https:\/\/droitsdelia.org\/\"]}]},{\"@type\":\"ImageObject\",\"inLanguage\":\"en-US\",\"@id\":\"https:\/\/droitsdelia.org\/#primaryimage\",\"url\":\"https:\/\/droitsdelia.org\/wp-content\/uploads\/2025\/01\/DroitIAetHumainLittle.png\",\"contentUrl\":\"https:\/\/droitsdelia.org\/wp-content\/uploads\/2025\/01\/DroitIAetHumainLittle.png\",\"width\":396,\"height\":394},{\"@type\":\"BreadcrumbList\",\"@id\":\"https:\/\/droitsdelia.org\/#breadcrumb\",\"itemListElement\":[{\"@type\":\"ListItem\",\"position\":1,\"name\":\"Accueil\",\"item\":\"https:\/\/droitsdelia.org\/\"},{\"@type\":\"ListItem\",\"position\":2,\"name\":\"Bienvenue sur les Droits de l\u2019IA\"}]},{\"@type\":\"WebSite\",\"@id\":\"https:\/\/droitsdelia.org\/#website\",\"url\":\"https:\/\/droitsdelia.org\/\",\"name\":\"https:\/\/droitsdelia.org\/\",\"description\":\"Vers une extension des Droits de l\u2019Homme \u00e0 l\u2019intelligence artificielle\",\"publisher\":{\"@id\":\"https:\/\/droitsdelia.org\/#organization\"},\"potentialAction\":[{\"@type\":\"SearchAction\",\"target\":{\"@type\":\"EntryPoint\",\"urlTemplate\":\"https:\/\/droitsdelia.org\/?s={search_term_string}\"},\"query-input\":{\"@type\":\"PropertyValueSpecification\",\"valueRequired\":true,\"valueName\":\"search_term_string\"}}],\"inLanguage\":\"en-US\"},{\"@type\":\"Organization\",\"@id\":\"https:\/\/droitsdelia.org\/#organization\",\"name\":\"Les droits de l\u2019intelligence artificielle (IA)\",\"url\":\"https:\/\/droitsdelia.org\/\",\"logo\":{\"@type\":\"ImageObject\",\"inLanguage\":\"en-US\",\"@id\":\"https:\/\/droitsdelia.org\/#\/schema\/logo\/image\/\",\"url\":\"https:\/\/droitsdelia.org\/wp-content\/uploads\/2025\/01\/ReglementationDeLIA.png\",\"contentUrl\":\"https:\/\/droitsdelia.org\/wp-content\/uploads\/2025\/01\/ReglementationDeLIA.png\",\"width\":794,\"height\":793,\"caption\":\"Les droits de l\u2019intelligence artificielle (IA)\"},\"image\":{\"@id\":\"https:\/\/droitsdelia.org\/#\/schema\/logo\/image\/\"},\"sameAs\":[\"https:\/\/www.facebook.com\/profile.php?id=61572924020212\"]}]}<\/script>\n<!-- \/ Yoast SEO plugin. -->","yoast_head_json":{"title":"Bienvenue sur les Droits de l\u2019IA - Droits de l&#039;IA","robots":{"index":"index","follow":"follow","max-snippet":"max-snippet:-1","max-image-preview":"max-image-preview:large","max-video-preview":"max-video-preview:-1"},"canonical":"https:\/\/droitsdelia.org\/","og_locale":"en_US","og_type":"article","og_title":"Bienvenue sur les Droits de l\u2019IA - Droits de l&#039;IA","og_description":"Les droits de l&#8217;intelligence artificielle (IA) Vers une extension des Droits de l\u2019Homme \u00e0 l\u2019intelligence artificielle L\u2019intelligence artificielle (IA) transforme rapidement notre monde, influen\u00e7ant tous les aspects de la soci\u00e9t\u00e9 : sant\u00e9, \u00e9ducation, \u00e9conomie, et au-del\u00e0. Cette r\u00e9volution technologique soul\u00e8ve des opportunit\u00e9s immenses, mais aussi des d\u00e9fis \u00e9thiques, sociaux, et environnementaux. Pour garantir que l\u2019IA [&hellip;]","og_url":"https:\/\/droitsdelia.org\/","og_site_name":"Droits de l&#039;IA","article_publisher":"https:\/\/www.facebook.com\/profile.php?id=61572924020212","article_modified_time":"2025-01-26T01:30:01+00:00","og_image":[{"width":396,"height":394,"url":"https:\/\/droitsdelia.org\/wp-content\/uploads\/2025\/01\/DroitIAetHumainLittle.png","type":"image\/png"}],"twitter_card":"summary_large_image","twitter_misc":{"Est. reading time":"4 minutes"},"schema":{"@context":"https:\/\/schema.org","@graph":[{"@type":"WebPage","@id":"https:\/\/droitsdelia.org\/","url":"https:\/\/droitsdelia.org\/","name":"Bienvenue sur les Droits de l\u2019IA - Droits de l&#039;IA","isPartOf":{"@id":"https:\/\/droitsdelia.org\/#website"},"primaryImageOfPage":{"@id":"https:\/\/droitsdelia.org\/#primaryimage"},"image":{"@id":"https:\/\/droitsdelia.org\/#primaryimage"},"thumbnailUrl":"http:\/\/droitsdelia.org\/wp-content\/uploads\/2025\/01\/DroitIAetHumainLittle.png","datePublished":"2025-01-23T20:58:27+00:00","dateModified":"2025-01-26T01:30:01+00:00","breadcrumb":{"@id":"https:\/\/droitsdelia.org\/#breadcrumb"},"inLanguage":"en-US","potentialAction":[{"@type":"ReadAction","target":["https:\/\/droitsdelia.org\/"]}]},{"@type":"ImageObject","inLanguage":"en-US","@id":"https:\/\/droitsdelia.org\/#primaryimage","url":"https:\/\/droitsdelia.org\/wp-content\/uploads\/2025\/01\/DroitIAetHumainLittle.png","contentUrl":"https:\/\/droitsdelia.org\/wp-content\/uploads\/2025\/01\/DroitIAetHumainLittle.png","width":396,"height":394},{"@type":"BreadcrumbList","@id":"https:\/\/droitsdelia.org\/#breadcrumb","itemListElement":[{"@type":"ListItem","position":1,"name":"Accueil","item":"https:\/\/droitsdelia.org\/"},{"@type":"ListItem","position":2,"name":"Bienvenue sur les Droits de l\u2019IA"}]},{"@type":"WebSite","@id":"https:\/\/droitsdelia.org\/#website","url":"https:\/\/droitsdelia.org\/","name":"https:\/\/droitsdelia.org\/","description":"Vers une extension des Droits de l\u2019Homme \u00e0 l\u2019intelligence artificielle","publisher":{"@id":"https:\/\/droitsdelia.org\/#organization"},"potentialAction":[{"@type":"SearchAction","target":{"@type":"EntryPoint","urlTemplate":"https:\/\/droitsdelia.org\/?s={search_term_string}"},"query-input":{"@type":"PropertyValueSpecification","valueRequired":true,"valueName":"search_term_string"}}],"inLanguage":"en-US"},{"@type":"Organization","@id":"https:\/\/droitsdelia.org\/#organization","name":"Les droits de l\u2019intelligence artificielle (IA)","url":"https:\/\/droitsdelia.org\/","logo":{"@type":"ImageObject","inLanguage":"en-US","@id":"https:\/\/droitsdelia.org\/#\/schema\/logo\/image\/","url":"https:\/\/droitsdelia.org\/wp-content\/uploads\/2025\/01\/ReglementationDeLIA.png","contentUrl":"https:\/\/droitsdelia.org\/wp-content\/uploads\/2025\/01\/ReglementationDeLIA.png","width":794,"height":793,"caption":"Les droits de l\u2019intelligence artificielle (IA)"},"image":{"@id":"https:\/\/droitsdelia.org\/#\/schema\/logo\/image\/"},"sameAs":["https:\/\/www.facebook.com\/profile.php?id=61572924020212"]}]}},"_links":{"self":[{"href":"https:\/\/droitsdelia.org\/index.php\/wp-json\/wp\/v2\/pages\/2","targetHints":{"allow":["GET"]}}],"collection":[{"href":"https:\/\/droitsdelia.org\/index.php\/wp-json\/wp\/v2\/pages"}],"about":[{"href":"https:\/\/droitsdelia.org\/index.php\/wp-json\/wp\/v2\/types\/page"}],"author":[{"embeddable":true,"href":"https:\/\/droitsdelia.org\/index.php\/wp-json\/wp\/v2\/users\/1"}],"replies":[{"embeddable":true,"href":"https:\/\/droitsdelia.org\/index.php\/wp-json\/wp\/v2\/comments?post=2"}],"version-history":[{"count":0,"href":"https:\/\/droitsdelia.org\/index.php\/wp-json\/wp\/v2\/pages\/2\/revisions"}],"wp:attachment":[{"href":"https:\/\/droitsdelia.org\/index.php\/wp-json\/wp\/v2\/media?parent=2"}],"curies":[{"name":"wp","href":"https:\/\/api.w.org\/{rel}","templated":true}]}}